{"id":173,"date":"2025-01-10T08:19:35","date_gmt":"2025-01-10T13:19:35","guid":{"rendered":"https:\/\/firehouse.pe\/?post_type=product&#038;p=173"},"modified":"2025-01-10T14:42:25","modified_gmt":"2025-01-10T19:42:25","slug":"fire-dex-captain-jim-firefighting-hood-with-stedair","status":"publish","type":"product","link":"https:\/\/firehouse.pe\/?product=fire-dex-captain-jim-firefighting-hood-with-stedair","title":{"rendered":"Fire-Dex Captain Jim Firefighting Hood with Stedair\u00ae"},"content":{"rendered":"<p>Si le preocupa la protecci\u00f3n t\u00e9rmica, la capucha contra incendios, Captain Jim es una opci\u00f3n de \u00e9lite. Con una reputaci\u00f3n de larga data de rendimiento superior en TPP y THL, esta capucha seguramente lo convertir\u00e1 en un fan\u00e1tico fiel.<\/p>\n<p>Certificado seg\u00fan NFPA 1971.<\/p>\n","protected":false},"excerpt":{"rendered":"<p>Si le preocupa la protecci\u00f3n t\u00e9rmica, la capucha contra incendios Captain Jim es una opci\u00f3n de \u00e9lite. Con una reputaci\u00f3n de larga data de rendimiento superior en TPP y THL, esta capucha seguramente lo convertir\u00e1 en un fan\u00e1tico fiel.<\/p>\n<p>Certificado seg\u00fan NFPA 1971.<\/p>\n","protected":false},"featured_media":175,"comment_status":"open","ping_status":"closed","template":"","meta":[],"product_cat":[23,22],"product_tag":[],"class_list":{"0":"post-173","1":"product","2":"type-product","3":"status-publish","4":"has-post-thumbnail","6":"product_cat-firedex","7":"product_cat-firefighting-ppe","9":"first","10":"instock","11":"shipping-taxable","12":"purchasable","13":"product-type-simple"},"_links":{"self":[{"href":"https:\/\/firehouse.pe\/index.php?rest_route=\/wp\/v2\/product\/173","targetHints":{"allow":["GET"]}}],"collection":[{"href":"https:\/\/firehouse.pe\/index.php?rest_route=\/wp\/v2\/product"}],"about":[{"href":"https:\/\/firehouse.pe\/index.php?rest_route=\/wp\/v2\/types\/product"}],"replies":[{"embeddable":true,"href":"https:\/\/firehouse.pe\/index.php?rest_route=%2Fwp%2Fv2%2Fcomments&post=173"}],"wp:featuredmedia":[{"embeddable":true,"href":"https:\/\/firehouse.pe\/index.php?rest_route=\/wp\/v2\/media\/175"}],"wp:attachment":[{"href":"https:\/\/firehouse.pe\/index.php?rest_route=%2Fwp%2Fv2%2Fmedia&parent=173"}],"wp:term":[{"taxonomy":"product_cat","embeddable":true,"href":"https:\/\/firehouse.pe\/index.php?rest_route=%2Fwp%2Fv2%2Fproduct_cat&post=173"},{"taxonomy":"product_tag","embeddable":true,"href":"https:\/\/firehouse.pe\/index.php?rest_route=%2Fwp%2Fv2%2Fproduct_tag&post=173"}],"curies":[{"name":"wp","href":"https:\/\/api.w.org\/{rel}","templated":true}]}}