{"id":176,"date":"2025-01-10T08:26:34","date_gmt":"2025-01-10T13:26:34","guid":{"rendered":"https:\/\/firehouse.pe\/?post_type=product&#038;p=176"},"modified":"2025-01-17T00:13:13","modified_gmt":"2025-01-17T05:13:13","slug":"fire-dex-h41-interceptor-firefighting-hood-with-stedair","status":"publish","type":"product","link":"https:\/\/firehouse.pe\/?product=fire-dex-h41-interceptor-firefighting-hood-with-stedair","title":{"rendered":"Fire-Dex H41 Interceptor\u00ae Firefighting Hood with Stedair\u00ae"},"content":{"rendered":"<p>Fabricada con Stedair\u00ae PREVENT, la capucha H41 Interceptor\u00ae est\u00e1 dise\u00f1ada para durar y bloquea el 99,9 % de los carcin\u00f3genos persistentes en el lugar del incendio, incluso despu\u00e9s de 100 lavados.<\/p>\n<p>Certificado seg\u00fan NFPA 1971.<\/p>\n","protected":false},"excerpt":{"rendered":"<p>Fabricada con Stedair\u00ae PREVENT, la capucha H41 Interceptor\u00ae est\u00e1 dise\u00f1ada para durar y bloquea el 99,9 % de los carcin\u00f3genos persistentes en el lugar del incendio, incluso despu\u00e9s de 100 lavados.<\/p>\n<p>Certificado seg\u00fan NFPA 1971.<\/p>\n","protected":false},"featured_media":177,"comment_status":"open","ping_status":"closed","template":"","meta":[],"product_cat":[23,22],"product_tag":[],"class_list":{"0":"post-176","1":"product","2":"type-product","3":"status-publish","4":"has-post-thumbnail","6":"product_cat-firedex","7":"product_cat-firefighting-ppe","9":"first","10":"instock","11":"shipping-taxable","12":"purchasable","13":"product-type-simple"},"_links":{"self":[{"href":"https:\/\/firehouse.pe\/index.php?rest_route=\/wp\/v2\/product\/176","targetHints":{"allow":["GET"]}}],"collection":[{"href":"https:\/\/firehouse.pe\/index.php?rest_route=\/wp\/v2\/product"}],"about":[{"href":"https:\/\/firehouse.pe\/index.php?rest_route=\/wp\/v2\/types\/product"}],"replies":[{"embeddable":true,"href":"https:\/\/firehouse.pe\/index.php?rest_route=%2Fwp%2Fv2%2Fcomments&post=176"}],"wp:featuredmedia":[{"embeddable":true,"href":"https:\/\/firehouse.pe\/index.php?rest_route=\/wp\/v2\/media\/177"}],"wp:attachment":[{"href":"https:\/\/firehouse.pe\/index.php?rest_route=%2Fwp%2Fv2%2Fmedia&parent=176"}],"wp:term":[{"taxonomy":"product_cat","embeddable":true,"href":"https:\/\/firehouse.pe\/index.php?rest_route=%2Fwp%2Fv2%2Fproduct_cat&post=176"},{"taxonomy":"product_tag","embeddable":true,"href":"https:\/\/firehouse.pe\/index.php?rest_route=%2Fwp%2Fv2%2Fproduct_tag&post=176"}],"curies":[{"name":"wp","href":"https:\/\/api.w.org\/{rel}","templated":true}]}}