{"id":179,"date":"2025-01-10T08:31:41","date_gmt":"2025-01-10T13:31:41","guid":{"rendered":"https:\/\/firehouse.pe\/?post_type=product&#038;p=179"},"modified":"2025-01-14T17:46:41","modified_gmt":"2025-01-14T22:46:41","slug":"fire-dex-h41-interceptor-firefighting-hood-with-nomex-nano-flex","status":"publish","type":"product","link":"https:\/\/firehouse.pe\/?product=fire-dex-h41-interceptor-firefighting-hood-with-nomex-nano-flex","title":{"rendered":"Fire-Dex H41 Interceptor\u00ae Firefighting Hood with Nomex Nano Flex"},"content":{"rendered":"<p>La capucha contra incendios estructurales H41 Interceptor\u00ae reduce la exposici\u00f3n a contaminantes potencialmente da\u00f1inos y, al mismo tiempo, proporciona la conciencia situacional que necesita en el lugar del incendio. Dise\u00f1ada para ser extremadamente transpirable y sin PFAS agregados intencionalmente, esta capucha aerodin\u00e1mica y duradera lo mantiene protegido.<\/p>\n","protected":false},"excerpt":{"rendered":"<p>La capucha contra incendios estructurales H41 Interceptor\u00ae reduce la exposici\u00f3n a contaminantes potencialmente da\u00f1inos y, al mismo tiempo, proporciona la conciencia situacional que necesita en el lugar del incendio. Dise\u00f1ada para ser extremadamente transpirable y sin PFAS agregados intencionalmente, esta capucha aerodin\u00e1mica y duradera lo mantiene protegido.<\/p>\n","protected":false},"featured_media":180,"comment_status":"open","ping_status":"closed","template":"","meta":[],"product_cat":[23,22],"product_tag":[],"class_list":{"0":"post-179","1":"product","2":"type-product","3":"status-publish","4":"has-post-thumbnail","6":"product_cat-firedex","7":"product_cat-firefighting-ppe","9":"first","10":"instock","11":"shipping-taxable","12":"purchasable","13":"product-type-simple"},"_links":{"self":[{"href":"https:\/\/firehouse.pe\/index.php?rest_route=\/wp\/v2\/product\/179","targetHints":{"allow":["GET"]}}],"collection":[{"href":"https:\/\/firehouse.pe\/index.php?rest_route=\/wp\/v2\/product"}],"about":[{"href":"https:\/\/firehouse.pe\/index.php?rest_route=\/wp\/v2\/types\/product"}],"replies":[{"embeddable":true,"href":"https:\/\/firehouse.pe\/index.php?rest_route=%2Fwp%2Fv2%2Fcomments&post=179"}],"wp:featuredmedia":[{"embeddable":true,"href":"https:\/\/firehouse.pe\/index.php?rest_route=\/wp\/v2\/media\/180"}],"wp:attachment":[{"href":"https:\/\/firehouse.pe\/index.php?rest_route=%2Fwp%2Fv2%2Fmedia&parent=179"}],"wp:term":[{"taxonomy":"product_cat","embeddable":true,"href":"https:\/\/firehouse.pe\/index.php?rest_route=%2Fwp%2Fv2%2Fproduct_cat&post=179"},{"taxonomy":"product_tag","embeddable":true,"href":"https:\/\/firehouse.pe\/index.php?rest_route=%2Fwp%2Fv2%2Fproduct_tag&post=179"}],"curies":[{"name":"wp","href":"https:\/\/api.w.org\/{rel}","templated":true}]}}