{"id":184,"date":"2025-01-10T08:45:20","date_gmt":"2025-01-10T13:45:20","guid":{"rendered":"https:\/\/firehouse.pe\/?post_type=product&#038;p=184"},"modified":"2025-01-17T00:12:47","modified_gmt":"2025-01-17T05:12:47","slug":"fire-dex-classic-captain-jim-firefighting-knit-hood","status":"publish","type":"product","link":"https:\/\/firehouse.pe\/?product=fire-dex-classic-captain-jim-firefighting-knit-hood","title":{"rendered":"Fire-Dex Classic Captain Jim Firefighting Knit Hood"},"content":{"rendered":"<p>La capucha cl\u00e1sica para incendios Captain Jim sigue siendo una de las favoritas de los departamentos en todo el pa\u00eds. Se gan\u00f3 su reputaci\u00f3n por su clasificaci\u00f3n de valor de rendimiento t\u00e9rmico de arco (ATPV) de 34, lo que significa que puede tolerar y proteger contra 34 calor\u00edas de calor por cent\u00edmetro cuadrado.<\/p>\n","protected":false},"excerpt":{"rendered":"<p>La capucha cl\u00e1sica para incendios Captain Jim sigue siendo una de las favoritas de los departamentos en todo el pa\u00eds. Se gan\u00f3 su reputaci\u00f3n por su clasificaci\u00f3n de valor de rendimiento t\u00e9rmico de arco (ATPV) de 34, lo que significa que puede tolerar y proteger contra 34 calor\u00edas de calor por cent\u00edmetro cuadrado.<\/p>\n","protected":false},"featured_media":185,"comment_status":"open","ping_status":"closed","template":"","meta":[],"product_cat":[23,22],"product_tag":[],"class_list":{"0":"post-184","1":"product","2":"type-product","3":"status-publish","4":"has-post-thumbnail","6":"product_cat-firedex","7":"product_cat-firefighting-ppe","9":"first","10":"instock","11":"shipping-taxable","12":"purchasable","13":"product-type-simple"},"_links":{"self":[{"href":"https:\/\/firehouse.pe\/index.php?rest_route=\/wp\/v2\/product\/184","targetHints":{"allow":["GET"]}}],"collection":[{"href":"https:\/\/firehouse.pe\/index.php?rest_route=\/wp\/v2\/product"}],"about":[{"href":"https:\/\/firehouse.pe\/index.php?rest_route=\/wp\/v2\/types\/product"}],"replies":[{"embeddable":true,"href":"https:\/\/firehouse.pe\/index.php?rest_route=%2Fwp%2Fv2%2Fcomments&post=184"}],"wp:featuredmedia":[{"embeddable":true,"href":"https:\/\/firehouse.pe\/index.php?rest_route=\/wp\/v2\/media\/185"}],"wp:attachment":[{"href":"https:\/\/firehouse.pe\/index.php?rest_route=%2Fwp%2Fv2%2Fmedia&parent=184"}],"wp:term":[{"taxonomy":"product_cat","embeddable":true,"href":"https:\/\/firehouse.pe\/index.php?rest_route=%2Fwp%2Fv2%2Fproduct_cat&post=184"},{"taxonomy":"product_tag","embeddable":true,"href":"https:\/\/firehouse.pe\/index.php?rest_route=%2Fwp%2Fv2%2Fproduct_tag&post=184"}],"curies":[{"name":"wp","href":"https:\/\/api.w.org\/{rel}","templated":true}]}}