{"id":210,"date":"2025-01-13T16:51:41","date_gmt":"2025-01-13T21:51:41","guid":{"rendered":"https:\/\/firehouse.pe\/?post_type=product&#038;p=210"},"modified":"2025-01-14T19:20:20","modified_gmt":"2025-01-15T00:20:20","slug":"fire-dex-dex-rescue-nfpa-1951-technical-rescue-firefighter-gloves","status":"publish","type":"product","link":"https:\/\/firehouse.pe\/?product=fire-dex-dex-rescue-nfpa-1951-technical-rescue-firefighter-gloves","title":{"rendered":"Fire-Dex Dex-Rescue NFPA 1951 Technical Rescue Firefighter Gloves"},"content":{"rendered":"<p>Nuestros nuevos guantes Dex-Rescue son los \u00fanicos guantes no estructurales certificados seg\u00fan NFPA 1951 y cumplen con los m\u00e1s altos est\u00e1ndares de pruebas de resistencia a cortes, abrasi\u00f3n y perforaciones ANSI con una puntuaci\u00f3n de A8 para cortes, Nivel 5 para abrasi\u00f3n y Nivel 4 para perforaciones. Tallas: XS &#8211; SM &#8211; MD &#8211; LG &#8211; XL &#8211; 2X<\/p>\n","protected":false},"excerpt":{"rendered":"<p>Nuestros nuevos guantes Dex-Rescue son los \u00fanicos guantes no estructurales certificados seg\u00fan NFPA 1951 y cumplen con los m\u00e1s altos est\u00e1ndares de pruebas de resistencia a cortes, abrasi\u00f3n y perforaciones ANSI con una puntuaci\u00f3n de A8 para cortes, Nivel 5 para abrasi\u00f3n y Nivel 4 para perforaciones. Tallas: XS &#8211; SM &#8211; MD &#8211; LG &#8211; XL &#8211; 2X<\/p>\n","protected":false},"featured_media":211,"comment_status":"open","ping_status":"closed","template":"","meta":[],"product_cat":[23,22],"product_tag":[],"class_list":{"0":"post-210","1":"product","2":"type-product","3":"status-publish","4":"has-post-thumbnail","6":"product_cat-firedex","7":"product_cat-firefighting-ppe","9":"first","10":"instock","11":"shipping-taxable","12":"purchasable","13":"product-type-simple"},"_links":{"self":[{"href":"https:\/\/firehouse.pe\/index.php?rest_route=\/wp\/v2\/product\/210","targetHints":{"allow":["GET"]}}],"collection":[{"href":"https:\/\/firehouse.pe\/index.php?rest_route=\/wp\/v2\/product"}],"about":[{"href":"https:\/\/firehouse.pe\/index.php?rest_route=\/wp\/v2\/types\/product"}],"replies":[{"embeddable":true,"href":"https:\/\/firehouse.pe\/index.php?rest_route=%2Fwp%2Fv2%2Fcomments&post=210"}],"wp:featuredmedia":[{"embeddable":true,"href":"https:\/\/firehouse.pe\/index.php?rest_route=\/wp\/v2\/media\/211"}],"wp:attachment":[{"href":"https:\/\/firehouse.pe\/index.php?rest_route=%2Fwp%2Fv2%2Fmedia&parent=210"}],"wp:term":[{"taxonomy":"product_cat","embeddable":true,"href":"https:\/\/firehouse.pe\/index.php?rest_route=%2Fwp%2Fv2%2Fproduct_cat&post=210"},{"taxonomy":"product_tag","embeddable":true,"href":"https:\/\/firehouse.pe\/index.php?rest_route=%2Fwp%2Fv2%2Fproduct_tag&post=210"}],"curies":[{"name":"wp","href":"https:\/\/api.w.org\/{rel}","templated":true}]}}