{"id":219,"date":"2025-01-16T22:05:37","date_gmt":"2025-01-17T03:05:37","guid":{"rendered":"https:\/\/firehouse.pe\/?post_type=product&#038;p=219"},"modified":"2025-01-16T22:19:22","modified_gmt":"2025-01-17T03:19:22","slug":"muneca-de-entrenamiento-de-enfermeria-de-alta-calidad-x-400","status":"publish","type":"product","link":"https:\/\/firehouse.pe\/?product=muneca-de-entrenamiento-de-enfermeria-de-alta-calidad-x-400","title":{"rendered":"Mu\u00f1eca de entreno de enfermer\u00eda de alta calidad X-400"},"content":{"rendered":"","protected":false},"excerpt":{"rendered":"<p>Este modelo es ideal para escuelas de salud y enfermer\u00eda, adecuado para ense\u00f1anza en todos los niveles. Las articulaciones son m\u00f3viles, la cintura se dobla y todas las partes son desmontables. Hecho de pl\u00e1stico semirr\u00edgido, es duradero y f\u00e1cil de usar para diversas capacitaciones en enfermer\u00eda.<\/p>\n","protected":false},"featured_media":220,"comment_status":"open","ping_status":"closed","template":"","meta":[],"product_cat":[21],"product_tag":[],"class_list":{"0":"post-219","1":"product","2":"type-product","3":"status-publish","4":"has-post-thumbnail","6":"product_cat-medical-training-devices","8":"first","9":"instock","10":"shipping-taxable","11":"purchasable","12":"product-type-simple"},"_links":{"self":[{"href":"https:\/\/firehouse.pe\/index.php?rest_route=\/wp\/v2\/product\/219","targetHints":{"allow":["GET"]}}],"collection":[{"href":"https:\/\/firehouse.pe\/index.php?rest_route=\/wp\/v2\/product"}],"about":[{"href":"https:\/\/firehouse.pe\/index.php?rest_route=\/wp\/v2\/types\/product"}],"replies":[{"embeddable":true,"href":"https:\/\/firehouse.pe\/index.php?rest_route=%2Fwp%2Fv2%2Fcomments&post=219"}],"wp:featuredmedia":[{"embeddable":true,"href":"https:\/\/firehouse.pe\/index.php?rest_route=\/wp\/v2\/media\/220"}],"wp:attachment":[{"href":"https:\/\/firehouse.pe\/index.php?rest_route=%2Fwp%2Fv2%2Fmedia&parent=219"}],"wp:term":[{"taxonomy":"product_cat","embeddable":true,"href":"https:\/\/firehouse.pe\/index.php?rest_route=%2Fwp%2Fv2%2Fproduct_cat&post=219"},{"taxonomy":"product_tag","embeddable":true,"href":"https:\/\/firehouse.pe\/index.php?rest_route=%2Fwp%2Fv2%2Fproduct_tag&post=219"}],"curies":[{"name":"wp","href":"https:\/\/api.w.org\/{rel}","templated":true}]}}