{"id":221,"date":"2025-01-16T22:13:28","date_gmt":"2025-01-17T03:13:28","guid":{"rendered":"https:\/\/firehouse.pe\/?post_type=product&#038;p=221"},"modified":"2025-01-16T22:17:42","modified_gmt":"2025-01-17T03:17:42","slug":"muneca-de-entrenamiento-de-enfermeria-de-alta-calidad-xc-401a","status":"publish","type":"product","link":"https:\/\/firehouse.pe\/?product=muneca-de-entrenamiento-de-enfermeria-de-alta-calidad-xc-401a","title":{"rendered":"Mu\u00f1eca de entreno de enfermer\u00eda de alta calidad XC-401A"},"content":{"rendered":"","protected":false},"excerpt":{"rendered":"<p>Este modelo est\u00e1 dise\u00f1ado para la formaci\u00f3n de enfermeras en primeros auxilios y rescate de emergencia, reproduciendo la anatom\u00eda humana. Incluye genitales intercambiables, almohadillas de inyecci\u00f3n en brazos, muslos y nalgas, y \u00f3rganos internos para pr\u00e1cticas m\u00e9dicas. Fabricado en PVC, es adecuado para formaci\u00f3n b\u00e1sica y avanzada.<\/p>\n","protected":false},"featured_media":224,"comment_status":"open","ping_status":"closed","template":"","meta":[],"product_cat":[21],"product_tag":[],"class_list":{"0":"post-221","1":"product","2":"type-product","3":"status-publish","4":"has-post-thumbnail","6":"product_cat-medical-training-devices","8":"first","9":"instock","10":"shipping-taxable","11":"purchasable","12":"product-type-simple"},"_links":{"self":[{"href":"https:\/\/firehouse.pe\/index.php?rest_route=\/wp\/v2\/product\/221","targetHints":{"allow":["GET"]}}],"collection":[{"href":"https:\/\/firehouse.pe\/index.php?rest_route=\/wp\/v2\/product"}],"about":[{"href":"https:\/\/firehouse.pe\/index.php?rest_route=\/wp\/v2\/types\/product"}],"replies":[{"embeddable":true,"href":"https:\/\/firehouse.pe\/index.php?rest_route=%2Fwp%2Fv2%2Fcomments&post=221"}],"wp:featuredmedia":[{"embeddable":true,"href":"https:\/\/firehouse.pe\/index.php?rest_route=\/wp\/v2\/media\/224"}],"wp:attachment":[{"href":"https:\/\/firehouse.pe\/index.php?rest_route=%2Fwp%2Fv2%2Fmedia&parent=221"}],"wp:term":[{"taxonomy":"product_cat","embeddable":true,"href":"https:\/\/firehouse.pe\/index.php?rest_route=%2Fwp%2Fv2%2Fproduct_cat&post=221"},{"taxonomy":"product_tag","embeddable":true,"href":"https:\/\/firehouse.pe\/index.php?rest_route=%2Fwp%2Fv2%2Fproduct_tag&post=221"}],"curies":[{"name":"wp","href":"https:\/\/api.w.org\/{rel}","templated":true}]}}