{"id":232,"date":"2025-01-16T22:31:26","date_gmt":"2025-01-17T03:31:26","guid":{"rendered":"https:\/\/firehouse.pe\/?post_type=product&#038;p=232"},"modified":"2025-01-16T22:34:56","modified_gmt":"2025-01-17T03:34:56","slug":"brazo-de-entrenamiento-de-presion-arterial-xc-457","status":"publish","type":"product","link":"https:\/\/firehouse.pe\/?product=brazo-de-entrenamiento-de-presion-arterial-xc-457","title":{"rendered":"Brazo de entrenamiento de presi\u00f3n arterial XC-457"},"content":{"rendered":"","protected":false},"excerpt":{"rendered":"<p>El modelo es adecuado para ense\u00f1ar y ejercitar las habilidades de medici\u00f3n de la  presi\u00f3n arterial. Se pueden ajustar los valores de presi\u00f3n arterial sist\u00f3lica, presi\u00f3n  arterial diast\u00f3lica y frecuencia card\u00edaca. El ajuste de la presi\u00f3n arterial tiene una  precisi\u00f3n de 1 mmHg.<\/p>\n","protected":false},"featured_media":233,"comment_status":"open","ping_status":"closed","template":"","meta":[],"product_cat":[21],"product_tag":[],"class_list":{"0":"post-232","1":"product","2":"type-product","3":"status-publish","4":"has-post-thumbnail","6":"product_cat-medical-training-devices","8":"first","9":"instock","10":"shipping-taxable","11":"purchasable","12":"product-type-simple"},"_links":{"self":[{"href":"https:\/\/firehouse.pe\/index.php?rest_route=\/wp\/v2\/product\/232","targetHints":{"allow":["GET"]}}],"collection":[{"href":"https:\/\/firehouse.pe\/index.php?rest_route=\/wp\/v2\/product"}],"about":[{"href":"https:\/\/firehouse.pe\/index.php?rest_route=\/wp\/v2\/types\/product"}],"replies":[{"embeddable":true,"href":"https:\/\/firehouse.pe\/index.php?rest_route=%2Fwp%2Fv2%2Fcomments&post=232"}],"wp:featuredmedia":[{"embeddable":true,"href":"https:\/\/firehouse.pe\/index.php?rest_route=\/wp\/v2\/media\/233"}],"wp:attachment":[{"href":"https:\/\/firehouse.pe\/index.php?rest_route=%2Fwp%2Fv2%2Fmedia&parent=232"}],"wp:term":[{"taxonomy":"product_cat","embeddable":true,"href":"https:\/\/firehouse.pe\/index.php?rest_route=%2Fwp%2Fv2%2Fproduct_cat&post=232"},{"taxonomy":"product_tag","embeddable":true,"href":"https:\/\/firehouse.pe\/index.php?rest_route=%2Fwp%2Fv2%2Fproduct_tag&post=232"}],"curies":[{"name":"wp","href":"https:\/\/api.w.org\/{rel}","templated":true}]}}