{"id":234,"date":"2025-01-16T22:37:13","date_gmt":"2025-01-17T03:37:13","guid":{"rendered":"https:\/\/firehouse.pe\/?post_type=product&#038;p=234"},"modified":"2025-01-16T22:37:58","modified_gmt":"2025-01-17T03:37:58","slug":"simulador-de-trauma-avanzado-xc-401d","status":"publish","type":"product","link":"https:\/\/firehouse.pe\/?product=simulador-de-trauma-avanzado-xc-401d","title":{"rendered":"Simulador de trauma avanzado XC-401D"},"content":{"rendered":"","protected":false},"excerpt":{"rendered":"<p>El simulador de trauma avanzado es un maniqu\u00ed de PVC realista que simula diversos traumatismos para capacitar a profesionales en atenci\u00f3n de emergencia. Consta de 22 m\u00f3dulos y permite simular lesiones como quemaduras, fracturas, heridas de bala y m\u00e1s. Es ideal para formaci\u00f3n en el manejo de pacientes con traumatismos f\u00edsicos.<\/p>\n","protected":false},"featured_media":235,"comment_status":"open","ping_status":"closed","template":"","meta":[],"product_cat":[21],"product_tag":[],"class_list":{"0":"post-234","1":"product","2":"type-product","3":"status-publish","4":"has-post-thumbnail","6":"product_cat-medical-training-devices","8":"first","9":"instock","10":"shipping-taxable","11":"purchasable","12":"product-type-simple"},"_links":{"self":[{"href":"https:\/\/firehouse.pe\/index.php?rest_route=\/wp\/v2\/product\/234","targetHints":{"allow":["GET"]}}],"collection":[{"href":"https:\/\/firehouse.pe\/index.php?rest_route=\/wp\/v2\/product"}],"about":[{"href":"https:\/\/firehouse.pe\/index.php?rest_route=\/wp\/v2\/types\/product"}],"replies":[{"embeddable":true,"href":"https:\/\/firehouse.pe\/index.php?rest_route=%2Fwp%2Fv2%2Fcomments&post=234"}],"wp:featuredmedia":[{"embeddable":true,"href":"https:\/\/firehouse.pe\/index.php?rest_route=\/wp\/v2\/media\/235"}],"wp:attachment":[{"href":"https:\/\/firehouse.pe\/index.php?rest_route=%2Fwp%2Fv2%2Fmedia&parent=234"}],"wp:term":[{"taxonomy":"product_cat","embeddable":true,"href":"https:\/\/firehouse.pe\/index.php?rest_route=%2Fwp%2Fv2%2Fproduct_cat&post=234"},{"taxonomy":"product_tag","embeddable":true,"href":"https:\/\/firehouse.pe\/index.php?rest_route=%2Fwp%2Fv2%2Fproduct_tag&post=234"}],"curies":[{"name":"wp","href":"https:\/\/api.w.org\/{rel}","templated":true}]}}