{"id":240,"date":"2025-01-16T22:48:37","date_gmt":"2025-01-17T03:48:37","guid":{"rendered":"https:\/\/firehouse.pe\/?post_type=product&#038;p=240"},"modified":"2025-01-16T22:48:37","modified_gmt":"2025-01-17T03:48:37","slug":"camara-de-red-serie-panoramica-con-una-sola-camara","status":"publish","type":"product","link":"https:\/\/firehouse.pe\/?product=camara-de-red-serie-panoramica-con-una-sola-camara","title":{"rendered":"Camara de red serie Panor\u00e1mica con una sola c\u00e1mara"},"content":{"rendered":"","protected":false},"excerpt":{"rendered":"<p>La resoluci\u00f3n 4K brinda a los usuarios una experiencia visual panor\u00e1mica clara y detallada.<\/p>\n","protected":false},"featured_media":241,"comment_status":"open","ping_status":"closed","template":"","meta":[],"product_cat":[19],"product_tag":[],"class_list":{"0":"post-240","1":"product","2":"type-product","3":"status-publish","4":"has-post-thumbnail","6":"product_cat-security","8":"first","9":"instock","10":"shipping-taxable","11":"purchasable","12":"product-type-simple"},"_links":{"self":[{"href":"https:\/\/firehouse.pe\/index.php?rest_route=\/wp\/v2\/product\/240","targetHints":{"allow":["GET"]}}],"collection":[{"href":"https:\/\/firehouse.pe\/index.php?rest_route=\/wp\/v2\/product"}],"about":[{"href":"https:\/\/firehouse.pe\/index.php?rest_route=\/wp\/v2\/types\/product"}],"replies":[{"embeddable":true,"href":"https:\/\/firehouse.pe\/index.php?rest_route=%2Fwp%2Fv2%2Fcomments&post=240"}],"wp:featuredmedia":[{"embeddable":true,"href":"https:\/\/firehouse.pe\/index.php?rest_route=\/wp\/v2\/media\/241"}],"wp:attachment":[{"href":"https:\/\/firehouse.pe\/index.php?rest_route=%2Fwp%2Fv2%2Fmedia&parent=240"}],"wp:term":[{"taxonomy":"product_cat","embeddable":true,"href":"https:\/\/firehouse.pe\/index.php?rest_route=%2Fwp%2Fv2%2Fproduct_cat&post=240"},{"taxonomy":"product_tag","embeddable":true,"href":"https:\/\/firehouse.pe\/index.php?rest_route=%2Fwp%2Fv2%2Fproduct_tag&post=240"}],"curies":[{"name":"wp","href":"https:\/\/api.w.org\/{rel}","templated":true}]}}