{"id":242,"date":"2025-01-16T22:51:46","date_gmt":"2025-01-17T03:51:46","guid":{"rendered":"https:\/\/firehouse.pe\/?post_type=product&#038;p=242"},"modified":"2025-01-16T22:51:46","modified_gmt":"2025-01-17T03:51:46","slug":"camara-de-red-serie-deepinview","status":"publish","type":"product","link":"https:\/\/firehouse.pe\/?product=camara-de-red-serie-deepinview","title":{"rendered":"Camara de red Serie DeepinView"},"content":{"rendered":"","protected":false},"excerpt":{"rendered":"<p>Estas c\u00e1maras DeepinView vienen equipadas con el dise\u00f1o TandemVu 2 en 1, que combina dos lentes y dos sensores en una c\u00e1mara para que obtengas dos canales de video con una sola compra. Las lentes duales est\u00e1n conectadas de manera inteligente para que el sistema sea a\u00fan m\u00e1s \u00e1gil.<\/p>\n","protected":false},"featured_media":243,"comment_status":"open","ping_status":"closed","template":"","meta":[],"product_cat":[19],"product_tag":[],"class_list":{"0":"post-242","1":"product","2":"type-product","3":"status-publish","4":"has-post-thumbnail","6":"product_cat-security","8":"first","9":"instock","10":"shipping-taxable","11":"purchasable","12":"product-type-simple"},"_links":{"self":[{"href":"https:\/\/firehouse.pe\/index.php?rest_route=\/wp\/v2\/product\/242","targetHints":{"allow":["GET"]}}],"collection":[{"href":"https:\/\/firehouse.pe\/index.php?rest_route=\/wp\/v2\/product"}],"about":[{"href":"https:\/\/firehouse.pe\/index.php?rest_route=\/wp\/v2\/types\/product"}],"replies":[{"embeddable":true,"href":"https:\/\/firehouse.pe\/index.php?rest_route=%2Fwp%2Fv2%2Fcomments&post=242"}],"wp:featuredmedia":[{"embeddable":true,"href":"https:\/\/firehouse.pe\/index.php?rest_route=\/wp\/v2\/media\/243"}],"wp:attachment":[{"href":"https:\/\/firehouse.pe\/index.php?rest_route=%2Fwp%2Fv2%2Fmedia&parent=242"}],"wp:term":[{"taxonomy":"product_cat","embeddable":true,"href":"https:\/\/firehouse.pe\/index.php?rest_route=%2Fwp%2Fv2%2Fproduct_cat&post=242"},{"taxonomy":"product_tag","embeddable":true,"href":"https:\/\/firehouse.pe\/index.php?rest_route=%2Fwp%2Fv2%2Fproduct_tag&post=242"}],"curies":[{"name":"wp","href":"https:\/\/api.w.org\/{rel}","templated":true}]}}