{"id":244,"date":"2025-01-16T22:56:21","date_gmt":"2025-01-17T03:56:21","guid":{"rendered":"https:\/\/firehouse.pe\/?post_type=product&#038;p=244"},"modified":"2025-01-16T22:56:21","modified_gmt":"2025-01-17T03:56:21","slug":"camara-tandemvu-ptz","status":"publish","type":"product","link":"https:\/\/firehouse.pe\/?product=camara-tandemvu-ptz","title":{"rendered":"C\u00e1mara TandemVu PTZ"},"content":{"rendered":"","protected":false},"excerpt":{"rendered":"<p>Equipadas con esta tecnolog\u00eda, las nuevas c\u00e1maras TandemVu PTZ de Hikvision muestran una vista amplia incluso cuando se desplazan, inclinan o hacen zoom. Los usuarios ver\u00e1n todo y no se perder\u00e1n de nada en un momento dado, obteniendo conocimiento de la situaci\u00f3n desde el momento en que configuran la c\u00e1mara.<\/p>\n","protected":false},"featured_media":245,"comment_status":"open","ping_status":"closed","template":"","meta":[],"product_cat":[19],"product_tag":[],"class_list":{"0":"post-244","1":"product","2":"type-product","3":"status-publish","4":"has-post-thumbnail","6":"product_cat-security","8":"first","9":"instock","10":"shipping-taxable","11":"purchasable","12":"product-type-simple"},"_links":{"self":[{"href":"https:\/\/firehouse.pe\/index.php?rest_route=\/wp\/v2\/product\/244","targetHints":{"allow":["GET"]}}],"collection":[{"href":"https:\/\/firehouse.pe\/index.php?rest_route=\/wp\/v2\/product"}],"about":[{"href":"https:\/\/firehouse.pe\/index.php?rest_route=\/wp\/v2\/types\/product"}],"replies":[{"embeddable":true,"href":"https:\/\/firehouse.pe\/index.php?rest_route=%2Fwp%2Fv2%2Fcomments&post=244"}],"wp:featuredmedia":[{"embeddable":true,"href":"https:\/\/firehouse.pe\/index.php?rest_route=\/wp\/v2\/media\/245"}],"wp:attachment":[{"href":"https:\/\/firehouse.pe\/index.php?rest_route=%2Fwp%2Fv2%2Fmedia&parent=244"}],"wp:term":[{"taxonomy":"product_cat","embeddable":true,"href":"https:\/\/firehouse.pe\/index.php?rest_route=%2Fwp%2Fv2%2Fproduct_cat&post=244"},{"taxonomy":"product_tag","embeddable":true,"href":"https:\/\/firehouse.pe\/index.php?rest_route=%2Fwp%2Fv2%2Fproduct_tag&post=244"}],"curies":[{"name":"wp","href":"https:\/\/api.w.org\/{rel}","templated":true}]}}