{"id":248,"date":"2025-01-16T23:30:54","date_gmt":"2025-01-17T04:30:54","guid":{"rendered":"https:\/\/firehouse.pe\/?post_type=product&#038;p=248"},"modified":"2025-01-16T23:31:57","modified_gmt":"2025-01-17T04:31:57","slug":"huawei-ideahub-es2","status":"publish","type":"product","link":"https:\/\/firehouse.pe\/?product=huawei-ideahub-es2","title":{"rendered":"Huawei Ideahub ES2"},"content":{"rendered":"","protected":false},"excerpt":{"rendered":"<p>Conferencias en la nube \/ BYOM HD \/ Wi-Fi 6 para proyecci\u00f3n directa, pantalla de luz suave \/ Pantalla 4K UH, pantalla sin parpadeos, lo que garantiza una experiencia de visualizaci\u00f3n, disipaci\u00f3n de calor circulante para una resoluci\u00f3n constante, Motor ac\u00fastico 2.0, Nivel de presi\u00f3n sonora m\u00e1x. de 95 dB, seguimiento de voz, encuadre autom\u00e1tico y deflector ac\u00fastico, WiFi 6 para proyecci\u00f3n directa, proyecci\u00f3n sin esfuerzo a trav\u00e9s de la aplicaci\u00f3n IdeaShare, multiplicador de pantallas.<\/p>\n","protected":false},"featured_media":249,"comment_status":"open","ping_status":"closed","template":"","meta":[],"product_cat":[20],"product_tag":[],"class_list":{"0":"post-248","1":"product","2":"type-product","3":"status-publish","4":"has-post-thumbnail","6":"product_cat-smart-educaction","8":"first","9":"instock","10":"shipping-taxable","11":"purchasable","12":"product-type-simple"},"_links":{"self":[{"href":"https:\/\/firehouse.pe\/index.php?rest_route=\/wp\/v2\/product\/248","targetHints":{"allow":["GET"]}}],"collection":[{"href":"https:\/\/firehouse.pe\/index.php?rest_route=\/wp\/v2\/product"}],"about":[{"href":"https:\/\/firehouse.pe\/index.php?rest_route=\/wp\/v2\/types\/product"}],"replies":[{"embeddable":true,"href":"https:\/\/firehouse.pe\/index.php?rest_route=%2Fwp%2Fv2%2Fcomments&post=248"}],"wp:featuredmedia":[{"embeddable":true,"href":"https:\/\/firehouse.pe\/index.php?rest_route=\/wp\/v2\/media\/249"}],"wp:attachment":[{"href":"https:\/\/firehouse.pe\/index.php?rest_route=%2Fwp%2Fv2%2Fmedia&parent=248"}],"wp:term":[{"taxonomy":"product_cat","embeddable":true,"href":"https:\/\/firehouse.pe\/index.php?rest_route=%2Fwp%2Fv2%2Fproduct_cat&post=248"},{"taxonomy":"product_tag","embeddable":true,"href":"https:\/\/firehouse.pe\/index.php?rest_route=%2Fwp%2Fv2%2Fproduct_tag&post=248"}],"curies":[{"name":"wp","href":"https:\/\/api.w.org\/{rel}","templated":true}]}}