{"id":250,"date":"2025-01-16T23:40:19","date_gmt":"2025-01-17T04:40:19","guid":{"rendered":"https:\/\/firehouse.pe\/?post_type=product&#038;p=250"},"modified":"2025-01-16T23:40:19","modified_gmt":"2025-01-17T04:40:19","slug":"huawei-ideahub-es2-plus","status":"publish","type":"product","link":"https:\/\/firehouse.pe\/?product=huawei-ideahub-es2-plus","title":{"rendered":"Huawei Ideahub ES2 PLUS"},"content":{"rendered":"","protected":false},"excerpt":{"rendered":"<p>Los ojos de Galileo | Doble duplicaci\u00f3n y control | BYOM, Captaci\u00f3n de sonido, Vista panor\u00e1mica inteligente, rotaci\u00f3n de lente imperceptible, doble duplicaci\u00f3n y control: controla la pantalla grande en la pantalla peque\u00f1a, conecte varios terminales simult\u00e1neamente,reuniones internas y externas: Permite cambiar f\u00e1cilmente entre reuniones internas y externas en el IdeaHub, seguridad de la informaci\u00f3n a nivel empresarial.<\/p>\n","protected":false},"featured_media":251,"comment_status":"open","ping_status":"closed","template":"","meta":[],"product_cat":[20],"product_tag":[],"class_list":{"0":"post-250","1":"product","2":"type-product","3":"status-publish","4":"has-post-thumbnail","6":"product_cat-smart-educaction","8":"first","9":"instock","10":"shipping-taxable","11":"purchasable","12":"product-type-simple"},"_links":{"self":[{"href":"https:\/\/firehouse.pe\/index.php?rest_route=\/wp\/v2\/product\/250","targetHints":{"allow":["GET"]}}],"collection":[{"href":"https:\/\/firehouse.pe\/index.php?rest_route=\/wp\/v2\/product"}],"about":[{"href":"https:\/\/firehouse.pe\/index.php?rest_route=\/wp\/v2\/types\/product"}],"replies":[{"embeddable":true,"href":"https:\/\/firehouse.pe\/index.php?rest_route=%2Fwp%2Fv2%2Fcomments&post=250"}],"wp:featuredmedia":[{"embeddable":true,"href":"https:\/\/firehouse.pe\/index.php?rest_route=\/wp\/v2\/media\/251"}],"wp:attachment":[{"href":"https:\/\/firehouse.pe\/index.php?rest_route=%2Fwp%2Fv2%2Fmedia&parent=250"}],"wp:term":[{"taxonomy":"product_cat","embeddable":true,"href":"https:\/\/firehouse.pe\/index.php?rest_route=%2Fwp%2Fv2%2Fproduct_cat&post=250"},{"taxonomy":"product_tag","embeddable":true,"href":"https:\/\/firehouse.pe\/index.php?rest_route=%2Fwp%2Fv2%2Fproduct_tag&post=250"}],"curies":[{"name":"wp","href":"https:\/\/api.w.org\/{rel}","templated":true}]}}