{"id":254,"date":"2025-01-16T23:54:11","date_gmt":"2025-01-17T04:54:11","guid":{"rendered":"https:\/\/firehouse.pe\/?post_type=product&#038;p=254"},"modified":"2025-01-17T19:46:08","modified_gmt":"2025-01-18T00:46:08","slug":"tablet-optimo-funcionamiento-huawei-matepad-se","status":"publish","type":"product","link":"https:\/\/firehouse.pe\/?product=tablet-optimo-funcionamiento-huawei-matepad-se","title":{"rendered":"Tablet \u00f3ptimo funcionamiento Huawei MatePad SE"},"content":{"rendered":"","protected":false},"excerpt":{"rendered":"<p>La pantalla est\u00e1 dise\u00f1ada con esquinas redondeadas. Si se mide seg\u00fan el rect\u00e1ngulo est\u00e1ndar, la longitud diagonal de la pantalla es de 10,4 pulgadas (el \u00e1rea visible real es ligeramente menor). Datos de los laboratorios de Huawei. La relaci\u00f3n pantalla-cuerpo se calcula comparando el \u00e1rea activa de la pantalla con el \u00e1rea del panel frontal del dispositivo. Las medidas reales pueden variar.<\/p>\n","protected":false},"featured_media":255,"comment_status":"open","ping_status":"closed","template":"","meta":[],"product_cat":[20],"product_tag":[],"class_list":{"0":"post-254","1":"product","2":"type-product","3":"status-publish","4":"has-post-thumbnail","6":"product_cat-smart-educaction","8":"first","9":"instock","10":"shipping-taxable","11":"purchasable","12":"product-type-simple"},"_links":{"self":[{"href":"https:\/\/firehouse.pe\/index.php?rest_route=\/wp\/v2\/product\/254","targetHints":{"allow":["GET"]}}],"collection":[{"href":"https:\/\/firehouse.pe\/index.php?rest_route=\/wp\/v2\/product"}],"about":[{"href":"https:\/\/firehouse.pe\/index.php?rest_route=\/wp\/v2\/types\/product"}],"replies":[{"embeddable":true,"href":"https:\/\/firehouse.pe\/index.php?rest_route=%2Fwp%2Fv2%2Fcomments&post=254"}],"wp:featuredmedia":[{"embeddable":true,"href":"https:\/\/firehouse.pe\/index.php?rest_route=\/wp\/v2\/media\/255"}],"wp:attachment":[{"href":"https:\/\/firehouse.pe\/index.php?rest_route=%2Fwp%2Fv2%2Fmedia&parent=254"}],"wp:term":[{"taxonomy":"product_cat","embeddable":true,"href":"https:\/\/firehouse.pe\/index.php?rest_route=%2Fwp%2Fv2%2Fproduct_cat&post=254"},{"taxonomy":"product_tag","embeddable":true,"href":"https:\/\/firehouse.pe\/index.php?rest_route=%2Fwp%2Fv2%2Fproduct_tag&post=254"}],"curies":[{"name":"wp","href":"https:\/\/api.w.org\/{rel}","templated":true}]}}