{"id":259,"date":"2025-01-17T00:10:34","date_gmt":"2025-01-17T05:10:34","guid":{"rendered":"https:\/\/firehouse.pe\/?post_type=product&#038;p=259"},"modified":"2025-01-17T00:10:50","modified_gmt":"2025-01-17T05:10:50","slug":"fire-dex-traditional-helmets","status":"publish","type":"product","link":"https:\/\/firehouse.pe\/?product=fire-dex-traditional-helmets","title":{"rendered":"Fire-Dex Traditional Helmets"},"content":{"rendered":"","protected":false},"excerpt":{"rendered":"<p>Desde principios del siglo XX, la est\u00e9tica vintage de los cascos de bomberos sigue siendo una de las favoritas de los fans. Pero lo que es a\u00fan m\u00e1s importante es la protecci\u00f3n que brindan a su \u00f3rgano m\u00e1s vital. Disponible con acabado mate en rojo, amarillo, blanco o negro. Elija entre nuestros  modelos est\u00e1ndar o de lujo  y su selecci\u00f3n de  protecci\u00f3n ocular .<\/p>\n","protected":false},"featured_media":260,"comment_status":"open","ping_status":"closed","template":"","meta":[],"product_cat":[22],"product_tag":[],"class_list":{"0":"post-259","1":"product","2":"type-product","3":"status-publish","4":"has-post-thumbnail","6":"product_cat-firefighting-ppe","8":"first","9":"instock","10":"shipping-taxable","11":"purchasable","12":"product-type-simple"},"_links":{"self":[{"href":"https:\/\/firehouse.pe\/index.php?rest_route=\/wp\/v2\/product\/259","targetHints":{"allow":["GET"]}}],"collection":[{"href":"https:\/\/firehouse.pe\/index.php?rest_route=\/wp\/v2\/product"}],"about":[{"href":"https:\/\/firehouse.pe\/index.php?rest_route=\/wp\/v2\/types\/product"}],"replies":[{"embeddable":true,"href":"https:\/\/firehouse.pe\/index.php?rest_route=%2Fwp%2Fv2%2Fcomments&post=259"}],"wp:featuredmedia":[{"embeddable":true,"href":"https:\/\/firehouse.pe\/index.php?rest_route=\/wp\/v2\/media\/260"}],"wp:attachment":[{"href":"https:\/\/firehouse.pe\/index.php?rest_route=%2Fwp%2Fv2%2Fmedia&parent=259"}],"wp:term":[{"taxonomy":"product_cat","embeddable":true,"href":"https:\/\/firehouse.pe\/index.php?rest_route=%2Fwp%2Fv2%2Fproduct_cat&post=259"},{"taxonomy":"product_tag","embeddable":true,"href":"https:\/\/firehouse.pe\/index.php?rest_route=%2Fwp%2Fv2%2Fproduct_tag&post=259"}],"curies":[{"name":"wp","href":"https:\/\/api.w.org\/{rel}","templated":true}]}}