{"id":282,"date":"2025-01-17T20:06:15","date_gmt":"2025-01-18T01:06:15","guid":{"rendered":"https:\/\/firehouse.pe\/?post_type=product&#038;p=282"},"modified":"2025-01-17T20:06:15","modified_gmt":"2025-01-18T01:06:15","slug":"fire-dex-modern-helmet","status":"publish","type":"product","link":"https:\/\/firehouse.pe\/?product=fire-dex-modern-helmet","title":{"rendered":"Fire-Dex Modern Helmet"},"content":{"rendered":"","protected":false},"excerpt":{"rendered":"<p>Este moderno dise\u00f1o de casco incorpora una apariencia liviana y elegante y al mismo tiempo ofrece una protecci\u00f3n inigualable para su \u00f3rgano m\u00e1s vital. Disponible con acabado mate en rojo, amarillo, blanco o negro. Elija entre nuestros  modelos est\u00e1ndar o de lujo  y su selecci\u00f3n de  protecci\u00f3n ocular .<\/p>\n","protected":false},"featured_media":283,"comment_status":"open","ping_status":"closed","template":"","meta":[],"product_cat":[22],"product_tag":[],"class_list":{"0":"post-282","1":"product","2":"type-product","3":"status-publish","4":"has-post-thumbnail","6":"product_cat-firefighting-ppe","8":"first","9":"instock","10":"shipping-taxable","11":"purchasable","12":"product-type-simple"},"_links":{"self":[{"href":"https:\/\/firehouse.pe\/index.php?rest_route=\/wp\/v2\/product\/282","targetHints":{"allow":["GET"]}}],"collection":[{"href":"https:\/\/firehouse.pe\/index.php?rest_route=\/wp\/v2\/product"}],"about":[{"href":"https:\/\/firehouse.pe\/index.php?rest_route=\/wp\/v2\/types\/product"}],"replies":[{"embeddable":true,"href":"https:\/\/firehouse.pe\/index.php?rest_route=%2Fwp%2Fv2%2Fcomments&post=282"}],"wp:featuredmedia":[{"embeddable":true,"href":"https:\/\/firehouse.pe\/index.php?rest_route=\/wp\/v2\/media\/283"}],"wp:attachment":[{"href":"https:\/\/firehouse.pe\/index.php?rest_route=%2Fwp%2Fv2%2Fmedia&parent=282"}],"wp:term":[{"taxonomy":"product_cat","embeddable":true,"href":"https:\/\/firehouse.pe\/index.php?rest_route=%2Fwp%2Fv2%2Fproduct_cat&post=282"},{"taxonomy":"product_tag","embeddable":true,"href":"https:\/\/firehouse.pe\/index.php?rest_route=%2Fwp%2Fv2%2Fproduct_tag&post=282"}],"curies":[{"name":"wp","href":"https:\/\/api.w.org\/{rel}","templated":true}]}}