{"id":307,"date":"2025-01-20T22:22:31","date_gmt":"2025-01-21T03:22:31","guid":{"rendered":"https:\/\/firehouse.pe\/?post_type=product&#038;p=307"},"modified":"2025-01-20T22:22:31","modified_gmt":"2025-01-21T03:22:31","slug":"fire-dex-fdxl200-red-leather-structural-firefighting-boots","status":"publish","type":"product","link":"https:\/\/firehouse.pe\/?product=fire-dex-fdxl200-red-leather-structural-firefighting-boots","title":{"rendered":"Fire-Dex FDXL200 Red Leather Structural Firefighting Boots"},"content":{"rendered":"","protected":false},"excerpt":{"rendered":"<p>La bota FDXL200 para extinci\u00f3n de incendios estructurales supera los est\u00e1ndares NFPA 1971 y 1992, ofreciendo resistencia al deslizamiento, fuego, l\u00edquidos y bacterias. Su dise\u00f1o garantiza comodidad, durabilidad y protecci\u00f3n superior. Es la opci\u00f3n ideal para profesionales del fuego que buscan lo mejor en seguridad y rendimiento. No querr\u00e1 otra bota.<\/p>\n","protected":false},"featured_media":308,"comment_status":"open","ping_status":"closed","template":"","meta":[],"product_cat":[23,22],"product_tag":[],"class_list":{"0":"post-307","1":"product","2":"type-product","3":"status-publish","4":"has-post-thumbnail","6":"product_cat-firedex","7":"product_cat-firefighting-ppe","9":"first","10":"instock","11":"shipping-taxable","12":"purchasable","13":"product-type-simple"},"_links":{"self":[{"href":"https:\/\/firehouse.pe\/index.php?rest_route=\/wp\/v2\/product\/307","targetHints":{"allow":["GET"]}}],"collection":[{"href":"https:\/\/firehouse.pe\/index.php?rest_route=\/wp\/v2\/product"}],"about":[{"href":"https:\/\/firehouse.pe\/index.php?rest_route=\/wp\/v2\/types\/product"}],"replies":[{"embeddable":true,"href":"https:\/\/firehouse.pe\/index.php?rest_route=%2Fwp%2Fv2%2Fcomments&post=307"}],"wp:featuredmedia":[{"embeddable":true,"href":"https:\/\/firehouse.pe\/index.php?rest_route=\/wp\/v2\/media\/308"}],"wp:attachment":[{"href":"https:\/\/firehouse.pe\/index.php?rest_route=%2Fwp%2Fv2%2Fmedia&parent=307"}],"wp:term":[{"taxonomy":"product_cat","embeddable":true,"href":"https:\/\/firehouse.pe\/index.php?rest_route=%2Fwp%2Fv2%2Fproduct_cat&post=307"},{"taxonomy":"product_tag","embeddable":true,"href":"https:\/\/firehouse.pe\/index.php?rest_route=%2Fwp%2Fv2%2Fproduct_tag&post=307"}],"curies":[{"name":"wp","href":"https:\/\/api.w.org\/{rel}","templated":true}]}}