{"id":313,"date":"2025-01-20T22:24:43","date_gmt":"2025-01-21T03:24:43","guid":{"rendered":"https:\/\/firehouse.pe\/?post_type=product&#038;p=313"},"modified":"2025-01-20T22:27:38","modified_gmt":"2025-01-21T03:27:38","slug":"fdxl90-firefighting-boots","status":"publish","type":"product","link":"https:\/\/firehouse.pe\/?product=fdxl90-firefighting-boots","title":{"rendered":"FDXL90 Firefighting Boots"},"content":{"rendered":"","protected":false},"excerpt":{"rendered":"<p>Dise\u00f1ada para cualquier situaci\u00f3n, la FDXL90 ofrece la mejor transpirabilidad y flexibilidad de su clase durante emergencias que no sean de incendio. La FDXL90 es un 30 % m\u00e1s liviana que la mayor\u00eda de las botas estructurales y ofrece una resistencia excepcional a cortes y perforaciones. Certificado seg\u00fan NFPA 1951 y 1999<\/p>\n","protected":false},"featured_media":314,"comment_status":"open","ping_status":"closed","template":"","meta":[],"product_cat":[23,22],"product_tag":[],"class_list":{"0":"post-313","1":"product","2":"type-product","3":"status-publish","4":"has-post-thumbnail","6":"product_cat-firedex","7":"product_cat-firefighting-ppe","9":"first","10":"instock","11":"shipping-taxable","12":"purchasable","13":"product-type-simple"},"_links":{"self":[{"href":"https:\/\/firehouse.pe\/index.php?rest_route=\/wp\/v2\/product\/313","targetHints":{"allow":["GET"]}}],"collection":[{"href":"https:\/\/firehouse.pe\/index.php?rest_route=\/wp\/v2\/product"}],"about":[{"href":"https:\/\/firehouse.pe\/index.php?rest_route=\/wp\/v2\/types\/product"}],"replies":[{"embeddable":true,"href":"https:\/\/firehouse.pe\/index.php?rest_route=%2Fwp%2Fv2%2Fcomments&post=313"}],"wp:featuredmedia":[{"embeddable":true,"href":"https:\/\/firehouse.pe\/index.php?rest_route=\/wp\/v2\/media\/314"}],"wp:attachment":[{"href":"https:\/\/firehouse.pe\/index.php?rest_route=%2Fwp%2Fv2%2Fmedia&parent=313"}],"wp:term":[{"taxonomy":"product_cat","embeddable":true,"href":"https:\/\/firehouse.pe\/index.php?rest_route=%2Fwp%2Fv2%2Fproduct_cat&post=313"},{"taxonomy":"product_tag","embeddable":true,"href":"https:\/\/firehouse.pe\/index.php?rest_route=%2Fwp%2Fv2%2Fproduct_tag&post=313"}],"curies":[{"name":"wp","href":"https:\/\/api.w.org\/{rel}","templated":true}]}}