{"id":318,"date":"2025-01-20T22:32:26","date_gmt":"2025-01-21T03:32:26","guid":{"rendered":"https:\/\/firehouse.pe\/?post_type=product&#038;p=318"},"modified":"2025-01-20T22:32:26","modified_gmt":"2025-01-21T03:32:26","slug":"fire-dex-nano-print-firefighting-boot-insert","status":"publish","type":"product","link":"https:\/\/firehouse.pe\/?product=fire-dex-nano-print-firefighting-boot-insert","title":{"rendered":"Fire-Dex Nano-Print Firefighting Boot Insert"},"content":{"rendered":"","protected":false},"excerpt":{"rendered":"<p>Nuestras plantillas para botas Nano-Print, que se secan r\u00e1pidamente y son transpirables, son c\u00f3modas de usar en cualquier entorno y cuentan con tecnolog\u00edas integradas para mantener los pies secos todo el d\u00eda. Pide hoy tus plantillas para botas que absorben el sudor como reemplazo o como par de repuesto.<\/p>\n","protected":false},"featured_media":319,"comment_status":"open","ping_status":"closed","template":"","meta":[],"product_cat":[30,23],"product_tag":[],"class_list":{"0":"post-318","1":"product","2":"type-product","3":"status-publish","4":"has-post-thumbnail","6":"product_cat-accesorios","7":"product_cat-firedex","9":"first","10":"instock","11":"shipping-taxable","12":"purchasable","13":"product-type-simple"},"_links":{"self":[{"href":"https:\/\/firehouse.pe\/index.php?rest_route=\/wp\/v2\/product\/318","targetHints":{"allow":["GET"]}}],"collection":[{"href":"https:\/\/firehouse.pe\/index.php?rest_route=\/wp\/v2\/product"}],"about":[{"href":"https:\/\/firehouse.pe\/index.php?rest_route=\/wp\/v2\/types\/product"}],"replies":[{"embeddable":true,"href":"https:\/\/firehouse.pe\/index.php?rest_route=%2Fwp%2Fv2%2Fcomments&post=318"}],"wp:featuredmedia":[{"embeddable":true,"href":"https:\/\/firehouse.pe\/index.php?rest_route=\/wp\/v2\/media\/319"}],"wp:attachment":[{"href":"https:\/\/firehouse.pe\/index.php?rest_route=%2Fwp%2Fv2%2Fmedia&parent=318"}],"wp:term":[{"taxonomy":"product_cat","embeddable":true,"href":"https:\/\/firehouse.pe\/index.php?rest_route=%2Fwp%2Fv2%2Fproduct_cat&post=318"},{"taxonomy":"product_tag","embeddable":true,"href":"https:\/\/firehouse.pe\/index.php?rest_route=%2Fwp%2Fv2%2Fproduct_tag&post=318"}],"curies":[{"name":"wp","href":"https:\/\/api.w.org\/{rel}","templated":true}]}}