{"id":330,"date":"2025-02-12T10:22:42","date_gmt":"2025-02-12T15:22:42","guid":{"rendered":"https:\/\/firehouse.pe\/?post_type=product&#038;p=330"},"modified":"2025-02-12T10:22:42","modified_gmt":"2025-02-12T15:22:42","slug":"firedex-fxr-custom-turnouts","status":"publish","type":"product","link":"https:\/\/firehouse.pe\/?product=firedex-fxr-custom-turnouts","title":{"rendered":"FireDex FXR Custom Turnouts"},"content":{"rendered":"","protected":false},"excerpt":{"rendered":"<p>Los equipos de protecci\u00f3n FXR est\u00e1n dise\u00f1ados espec\u00edficamente para minimizar el estr\u00e9s y la fatiga de los bomberos a trav\u00e9s del dise\u00f1o de postura activa (Active Posture Design\u2122), lo que permite un rango completo de movimiento, \u00a1especialmente mientras usa su equipo de respiraci\u00f3n aut\u00f3nomo!. Certificado seg\u00fan NFPA 1971.<\/p>\n","protected":false},"featured_media":331,"comment_status":"open","ping_status":"closed","template":"","meta":[],"product_cat":[23,22],"product_tag":[],"class_list":{"0":"post-330","1":"product","2":"type-product","3":"status-publish","4":"has-post-thumbnail","6":"product_cat-firedex","7":"product_cat-firefighting-ppe","9":"first","10":"instock","11":"shipping-taxable","12":"purchasable","13":"product-type-simple"},"_links":{"self":[{"href":"https:\/\/firehouse.pe\/index.php?rest_route=\/wp\/v2\/product\/330","targetHints":{"allow":["GET"]}}],"collection":[{"href":"https:\/\/firehouse.pe\/index.php?rest_route=\/wp\/v2\/product"}],"about":[{"href":"https:\/\/firehouse.pe\/index.php?rest_route=\/wp\/v2\/types\/product"}],"replies":[{"embeddable":true,"href":"https:\/\/firehouse.pe\/index.php?rest_route=%2Fwp%2Fv2%2Fcomments&post=330"}],"wp:featuredmedia":[{"embeddable":true,"href":"https:\/\/firehouse.pe\/index.php?rest_route=\/wp\/v2\/media\/331"}],"wp:attachment":[{"href":"https:\/\/firehouse.pe\/index.php?rest_route=%2Fwp%2Fv2%2Fmedia&parent=330"}],"wp:term":[{"taxonomy":"product_cat","embeddable":true,"href":"https:\/\/firehouse.pe\/index.php?rest_route=%2Fwp%2Fv2%2Fproduct_cat&post=330"},{"taxonomy":"product_tag","embeddable":true,"href":"https:\/\/firehouse.pe\/index.php?rest_route=%2Fwp%2Fv2%2Fproduct_tag&post=330"}],"curies":[{"name":"wp","href":"https:\/\/api.w.org\/{rel}","templated":true}]}}