{"id":341,"date":"2025-02-12T10:24:27","date_gmt":"2025-02-12T15:24:27","guid":{"rendered":"https:\/\/firehouse.pe\/?post_type=product&#038;p=341"},"modified":"2025-02-12T10:24:28","modified_gmt":"2025-02-12T15:24:28","slug":"firedex-fxm-turnouts","status":"publish","type":"product","link":"https:\/\/firehouse.pe\/?product=firedex-fxm-turnouts","title":{"rendered":"FireDex FXM Turnouts"},"content":{"rendered":"","protected":false},"excerpt":{"rendered":"<p>Los desv\u00edos FXM combinan caracter\u00edsticas de dise\u00f1o moderno con funcionalidad para prepararte para la acci\u00f3n. Viene en una especificaci\u00f3n est\u00e1ndar preconfigurada o se puede personalizar seg\u00fan las necesidades exclusivas de su departamento. Certificado seg\u00fan NFPA 1971<\/p>\n","protected":false},"featured_media":336,"comment_status":"open","ping_status":"closed","template":"","meta":[],"product_cat":[23,22],"product_tag":[],"class_list":{"0":"post-341","1":"product","2":"type-product","3":"status-publish","4":"has-post-thumbnail","6":"product_cat-firedex","7":"product_cat-firefighting-ppe","9":"first","10":"instock","11":"shipping-taxable","12":"purchasable","13":"product-type-simple"},"_links":{"self":[{"href":"https:\/\/firehouse.pe\/index.php?rest_route=\/wp\/v2\/product\/341","targetHints":{"allow":["GET"]}}],"collection":[{"href":"https:\/\/firehouse.pe\/index.php?rest_route=\/wp\/v2\/product"}],"about":[{"href":"https:\/\/firehouse.pe\/index.php?rest_route=\/wp\/v2\/types\/product"}],"replies":[{"embeddable":true,"href":"https:\/\/firehouse.pe\/index.php?rest_route=%2Fwp%2Fv2%2Fcomments&post=341"}],"wp:featuredmedia":[{"embeddable":true,"href":"https:\/\/firehouse.pe\/index.php?rest_route=\/wp\/v2\/media\/336"}],"wp:attachment":[{"href":"https:\/\/firehouse.pe\/index.php?rest_route=%2Fwp%2Fv2%2Fmedia&parent=341"}],"wp:term":[{"taxonomy":"product_cat","embeddable":true,"href":"https:\/\/firehouse.pe\/index.php?rest_route=%2Fwp%2Fv2%2Fproduct_cat&post=341"},{"taxonomy":"product_tag","embeddable":true,"href":"https:\/\/firehouse.pe\/index.php?rest_route=%2Fwp%2Fv2%2Fproduct_tag&post=341"}],"curies":[{"name":"wp","href":"https:\/\/api.w.org\/{rel}","templated":true}]}}