{"id":342,"date":"2025-02-12T10:27:14","date_gmt":"2025-02-12T15:27:14","guid":{"rendered":"https:\/\/firehouse.pe\/?post_type=product&#038;p=342"},"modified":"2025-02-12T10:27:14","modified_gmt":"2025-02-12T15:27:14","slug":"firedex-tecgen51-multipurpose-ppe","status":"publish","type":"product","link":"https:\/\/firehouse.pe\/?product=firedex-tecgen51-multipurpose-ppe","title":{"rendered":"FireDex TECGEN51 Multipurpose PPE"},"content":{"rendered":"","protected":false},"excerpt":{"rendered":"<p>Esta prenda liviana y transpirable tiene doble certificaci\u00f3n seg\u00fan NFPA 1951 y 1977. Perfecto para llamadas no estructurales, el EPP multiprop\u00f3sito TECGEN51 de una sola capa est\u00e1 disponible en modelos est\u00e1ndar y de lujo y est\u00e1 dise\u00f1ado para reducir sus niveles de fatiga, limitar el desgaste de sus equipos y prevenir la propagaci\u00f3n de contaminantes da\u00f1inos. Con el modelo Deluxe disponible en solo 3 semanas , tendr\u00e1s acceso r\u00e1pido a una opci\u00f3n de equipo alternativa que puede mantenerte a ti y a tus compa\u00f1eros en plena forma.<\/p>\n","protected":false},"featured_media":347,"comment_status":"open","ping_status":"closed","template":"","meta":[],"product_cat":[23,22],"product_tag":[],"class_list":{"0":"post-342","1":"product","2":"type-product","3":"status-publish","4":"has-post-thumbnail","6":"product_cat-firedex","7":"product_cat-firefighting-ppe","9":"first","10":"instock","11":"shipping-taxable","12":"purchasable","13":"product-type-simple"},"_links":{"self":[{"href":"https:\/\/firehouse.pe\/index.php?rest_route=\/wp\/v2\/product\/342","targetHints":{"allow":["GET"]}}],"collection":[{"href":"https:\/\/firehouse.pe\/index.php?rest_route=\/wp\/v2\/product"}],"about":[{"href":"https:\/\/firehouse.pe\/index.php?rest_route=\/wp\/v2\/types\/product"}],"replies":[{"embeddable":true,"href":"https:\/\/firehouse.pe\/index.php?rest_route=%2Fwp%2Fv2%2Fcomments&post=342"}],"wp:featuredmedia":[{"embeddable":true,"href":"https:\/\/firehouse.pe\/index.php?rest_route=\/wp\/v2\/media\/347"}],"wp:attachment":[{"href":"https:\/\/firehouse.pe\/index.php?rest_route=%2Fwp%2Fv2%2Fmedia&parent=342"}],"wp:term":[{"taxonomy":"product_cat","embeddable":true,"href":"https:\/\/firehouse.pe\/index.php?rest_route=%2Fwp%2Fv2%2Fproduct_cat&post=342"},{"taxonomy":"product_tag","embeddable":true,"href":"https:\/\/firehouse.pe\/index.php?rest_route=%2Fwp%2Fv2%2Fproduct_tag&post=342"}],"curies":[{"name":"wp","href":"https:\/\/api.w.org\/{rel}","templated":true}]}}