{"id":348,"date":"2025-02-12T10:28:24","date_gmt":"2025-02-12T15:28:24","guid":{"rendered":"https:\/\/firehouse.pe\/?post_type=product&#038;p=348"},"modified":"2025-02-12T10:28:24","modified_gmt":"2025-02-12T15:28:24","slug":"firedex-ems-gear","status":"publish","type":"product","link":"https:\/\/firehouse.pe\/?product=firedex-ems-gear","title":{"rendered":"FireDex EMS Gear"},"content":{"rendered":"","protected":false},"excerpt":{"rendered":"<p>Dise\u00f1ado para profesionales m\u00e9dicos de emergencia, nuestro equipo EMS duradero es impermeable y resistente a pat\u00f3genos transmitidos por la sangre para brindar protecci\u00f3n \u00f3ptima contra los peligros en el cumplimiento del deber. Certificado seg\u00fan NFPA 1999<\/p>\n","protected":false},"featured_media":353,"comment_status":"open","ping_status":"closed","template":"","meta":[],"product_cat":[23,22],"product_tag":[],"class_list":{"0":"post-348","1":"product","2":"type-product","3":"status-publish","4":"has-post-thumbnail","6":"product_cat-firedex","7":"product_cat-firefighting-ppe","9":"first","10":"instock","11":"shipping-taxable","12":"purchasable","13":"product-type-simple"},"_links":{"self":[{"href":"https:\/\/firehouse.pe\/index.php?rest_route=\/wp\/v2\/product\/348","targetHints":{"allow":["GET"]}}],"collection":[{"href":"https:\/\/firehouse.pe\/index.php?rest_route=\/wp\/v2\/product"}],"about":[{"href":"https:\/\/firehouse.pe\/index.php?rest_route=\/wp\/v2\/types\/product"}],"replies":[{"embeddable":true,"href":"https:\/\/firehouse.pe\/index.php?rest_route=%2Fwp%2Fv2%2Fcomments&post=348"}],"wp:featuredmedia":[{"embeddable":true,"href":"https:\/\/firehouse.pe\/index.php?rest_route=\/wp\/v2\/media\/353"}],"wp:attachment":[{"href":"https:\/\/firehouse.pe\/index.php?rest_route=%2Fwp%2Fv2%2Fmedia&parent=348"}],"wp:term":[{"taxonomy":"product_cat","embeddable":true,"href":"https:\/\/firehouse.pe\/index.php?rest_route=%2Fwp%2Fv2%2Fproduct_cat&post=348"},{"taxonomy":"product_tag","embeddable":true,"href":"https:\/\/firehouse.pe\/index.php?rest_route=%2Fwp%2Fv2%2Fproduct_tag&post=348"}],"curies":[{"name":"wp","href":"https:\/\/api.w.org\/{rel}","templated":true}]}}