{"id":354,"date":"2025-02-12T10:29:52","date_gmt":"2025-02-12T15:29:52","guid":{"rendered":"https:\/\/firehouse.pe\/?post_type=product&#038;p=354"},"modified":"2025-02-12T11:00:43","modified_gmt":"2025-02-12T16:00:43","slug":"firedex-usar-gear","status":"publish","type":"product","link":"https:\/\/firehouse.pe\/?product=firedex-usar-gear","title":{"rendered":"FireDex USAR Gear"},"content":{"rendered":"","protected":false},"excerpt":{"rendered":"<p>Afronte los desaf\u00edos m\u00e1s dif\u00edciles del rescate t\u00e9cnico y la medicina de emergencia con nuestro equipo USAR vers\u00e1til. Esta prenda se puede usar para la mayor\u00eda de las llamadas que no sean de incendios y, al mismo tiempo, ofrece la m\u00e1xima protecci\u00f3n contra sustancias qu\u00edmicas comunes y pat\u00f3genos transmitidos por la sangre. Certificado seg\u00fan NFPA 1951 y 1999<\/p>\n","protected":false},"featured_media":359,"comment_status":"closed","ping_status":"closed","template":"","meta":[],"product_cat":[23,22],"product_tag":[],"class_list":{"0":"post-354","1":"product","2":"type-product","3":"status-publish","4":"has-post-thumbnail","6":"product_cat-firedex","7":"product_cat-firefighting-ppe","9":"first","10":"instock","11":"shipping-taxable","12":"purchasable","13":"product-type-simple"},"_links":{"self":[{"href":"https:\/\/firehouse.pe\/index.php?rest_route=\/wp\/v2\/product\/354","targetHints":{"allow":["GET"]}}],"collection":[{"href":"https:\/\/firehouse.pe\/index.php?rest_route=\/wp\/v2\/product"}],"about":[{"href":"https:\/\/firehouse.pe\/index.php?rest_route=\/wp\/v2\/types\/product"}],"replies":[{"embeddable":true,"href":"https:\/\/firehouse.pe\/index.php?rest_route=%2Fwp%2Fv2%2Fcomments&post=354"}],"wp:featuredmedia":[{"embeddable":true,"href":"https:\/\/firehouse.pe\/index.php?rest_route=\/wp\/v2\/media\/359"}],"wp:attachment":[{"href":"https:\/\/firehouse.pe\/index.php?rest_route=%2Fwp%2Fv2%2Fmedia&parent=354"}],"wp:term":[{"taxonomy":"product_cat","embeddable":true,"href":"https:\/\/firehouse.pe\/index.php?rest_route=%2Fwp%2Fv2%2Fproduct_cat&post=354"},{"taxonomy":"product_tag","embeddable":true,"href":"https:\/\/firehouse.pe\/index.php?rest_route=%2Fwp%2Fv2%2Fproduct_tag&post=354"}],"curies":[{"name":"wp","href":"https:\/\/api.w.org\/{rel}","templated":true}]}}