{"id":360,"date":"2025-02-12T10:31:53","date_gmt":"2025-02-12T15:31:53","guid":{"rendered":"https:\/\/firehouse.pe\/?post_type=product&#038;p=360"},"modified":"2025-02-12T10:31:53","modified_gmt":"2025-02-12T15:31:53","slug":"firedex-wildland","status":"publish","type":"product","link":"https:\/\/firehouse.pe\/?product=firedex-wildland","title":{"rendered":"FireDex Wildland"},"content":{"rendered":"","protected":false},"excerpt":{"rendered":"<p>Una prenda ligera y transpirable dise\u00f1ada para brindar protecci\u00f3n durante emergencias de incendios al aire libre. Nuestro equipo forestal ofrece caracter\u00edsticas confiables para la colocaci\u00f3n segura de herramientas y protecci\u00f3n duradera en entornos impredecibles. Disponible en dos piezas o como mono. Certificado seg\u00fan NFPA 1977.<\/p>\n","protected":false},"featured_media":361,"comment_status":"open","ping_status":"closed","template":"","meta":[],"product_cat":[23,22],"product_tag":[],"class_list":{"0":"post-360","1":"product","2":"type-product","3":"status-publish","4":"has-post-thumbnail","6":"product_cat-firedex","7":"product_cat-firefighting-ppe","9":"first","10":"instock","11":"shipping-taxable","12":"purchasable","13":"product-type-simple"},"_links":{"self":[{"href":"https:\/\/firehouse.pe\/index.php?rest_route=\/wp\/v2\/product\/360","targetHints":{"allow":["GET"]}}],"collection":[{"href":"https:\/\/firehouse.pe\/index.php?rest_route=\/wp\/v2\/product"}],"about":[{"href":"https:\/\/firehouse.pe\/index.php?rest_route=\/wp\/v2\/types\/product"}],"replies":[{"embeddable":true,"href":"https:\/\/firehouse.pe\/index.php?rest_route=%2Fwp%2Fv2%2Fcomments&post=360"}],"wp:featuredmedia":[{"embeddable":true,"href":"https:\/\/firehouse.pe\/index.php?rest_route=\/wp\/v2\/media\/361"}],"wp:attachment":[{"href":"https:\/\/firehouse.pe\/index.php?rest_route=%2Fwp%2Fv2%2Fmedia&parent=360"}],"wp:term":[{"taxonomy":"product_cat","embeddable":true,"href":"https:\/\/firehouse.pe\/index.php?rest_route=%2Fwp%2Fv2%2Fproduct_cat&post=360"},{"taxonomy":"product_tag","embeddable":true,"href":"https:\/\/firehouse.pe\/index.php?rest_route=%2Fwp%2Fv2%2Fproduct_tag&post=360"}],"curies":[{"name":"wp","href":"https:\/\/api.w.org\/{rel}","templated":true}]}}