{"id":367,"date":"2025-02-12T10:33:12","date_gmt":"2025-02-12T15:33:12","guid":{"rendered":"https:\/\/firehouse.pe\/?post_type=product&#038;p=367"},"modified":"2025-02-12T10:33:12","modified_gmt":"2025-02-12T15:33:12","slug":"firedex-wildland-tech-rescue-pants","status":"publish","type":"product","link":"https:\/\/firehouse.pe\/?product=firedex-wildland-tech-rescue-pants","title":{"rendered":"FireDex Wildland Tech Rescue Pants"},"content":{"rendered":"","protected":false},"excerpt":{"rendered":"<p>Estos pantalones, con doble certificaci\u00f3n seg\u00fan NFPA 1977 y 1951, son c\u00f3modos de usar durante todo el d\u00eda y ofrecen protecci\u00f3n confiable y conveniencia para respuestas de rescate t\u00e9cnico e incendios forestales.<\/p>\n","protected":false},"featured_media":368,"comment_status":"open","ping_status":"closed","template":"","meta":[],"product_cat":[23,22],"product_tag":[],"class_list":{"0":"post-367","1":"product","2":"type-product","3":"status-publish","4":"has-post-thumbnail","6":"product_cat-firedex","7":"product_cat-firefighting-ppe","9":"first","10":"instock","11":"shipping-taxable","12":"purchasable","13":"product-type-simple"},"_links":{"self":[{"href":"https:\/\/firehouse.pe\/index.php?rest_route=\/wp\/v2\/product\/367","targetHints":{"allow":["GET"]}}],"collection":[{"href":"https:\/\/firehouse.pe\/index.php?rest_route=\/wp\/v2\/product"}],"about":[{"href":"https:\/\/firehouse.pe\/index.php?rest_route=\/wp\/v2\/types\/product"}],"replies":[{"embeddable":true,"href":"https:\/\/firehouse.pe\/index.php?rest_route=%2Fwp%2Fv2%2Fcomments&post=367"}],"wp:featuredmedia":[{"embeddable":true,"href":"https:\/\/firehouse.pe\/index.php?rest_route=\/wp\/v2\/media\/368"}],"wp:attachment":[{"href":"https:\/\/firehouse.pe\/index.php?rest_route=%2Fwp%2Fv2%2Fmedia&parent=367"}],"wp:term":[{"taxonomy":"product_cat","embeddable":true,"href":"https:\/\/firehouse.pe\/index.php?rest_route=%2Fwp%2Fv2%2Fproduct_cat&post=367"},{"taxonomy":"product_tag","embeddable":true,"href":"https:\/\/firehouse.pe\/index.php?rest_route=%2Fwp%2Fv2%2Fproduct_tag&post=367"}],"curies":[{"name":"wp","href":"https:\/\/api.w.org\/{rel}","templated":true}]}}