{"id":370,"date":"2025-02-12T10:37:01","date_gmt":"2025-02-12T15:37:01","guid":{"rendered":"https:\/\/firehouse.pe\/?post_type=product&#038;p=370"},"modified":"2025-02-12T10:37:01","modified_gmt":"2025-02-12T15:37:01","slug":"firedex-cover-pants-cover-pants","status":"publish","type":"product","link":"https:\/\/firehouse.pe\/?product=firedex-cover-pants-cover-pants","title":{"rendered":"FireDex Cover Pants Cover Pants"},"content":{"rendered":"","protected":false},"excerpt":{"rendered":"<p>Mu\u00e9vase con facilidad con equipo liviano que combina la fuerza para combatir incendios forestales con la comodidad para trabajar en la estaci\u00f3n o responder r\u00e1pidamente a emergencias m\u00e9dicas. Certificado seg\u00fan NFPA 1977.<\/p>\n","protected":false},"featured_media":372,"comment_status":"open","ping_status":"closed","template":"","meta":[],"product_cat":[23,22],"product_tag":[],"class_list":{"0":"post-370","1":"product","2":"type-product","3":"status-publish","4":"has-post-thumbnail","6":"product_cat-firedex","7":"product_cat-firefighting-ppe","9":"first","10":"instock","11":"shipping-taxable","12":"purchasable","13":"product-type-simple"},"_links":{"self":[{"href":"https:\/\/firehouse.pe\/index.php?rest_route=\/wp\/v2\/product\/370","targetHints":{"allow":["GET"]}}],"collection":[{"href":"https:\/\/firehouse.pe\/index.php?rest_route=\/wp\/v2\/product"}],"about":[{"href":"https:\/\/firehouse.pe\/index.php?rest_route=\/wp\/v2\/types\/product"}],"replies":[{"embeddable":true,"href":"https:\/\/firehouse.pe\/index.php?rest_route=%2Fwp%2Fv2%2Fcomments&post=370"}],"wp:featuredmedia":[{"embeddable":true,"href":"https:\/\/firehouse.pe\/index.php?rest_route=\/wp\/v2\/media\/372"}],"wp:attachment":[{"href":"https:\/\/firehouse.pe\/index.php?rest_route=%2Fwp%2Fv2%2Fmedia&parent=370"}],"wp:term":[{"taxonomy":"product_cat","embeddable":true,"href":"https:\/\/firehouse.pe\/index.php?rest_route=%2Fwp%2Fv2%2Fproduct_cat&post=370"},{"taxonomy":"product_tag","embeddable":true,"href":"https:\/\/firehouse.pe\/index.php?rest_route=%2Fwp%2Fv2%2Fproduct_tag&post=370"}],"curies":[{"name":"wp","href":"https:\/\/api.w.org\/{rel}","templated":true}]}}