{"id":373,"date":"2025-02-12T10:44:35","date_gmt":"2025-02-12T15:44:35","guid":{"rendered":"https:\/\/firehouse.pe\/?post_type=product&#038;p=373"},"modified":"2025-02-12T10:44:35","modified_gmt":"2025-02-12T15:44:35","slug":"firedex-fxc-turnouts","status":"publish","type":"product","link":"https:\/\/firehouse.pe\/?product=firedex-fxc-turnouts","title":{"rendered":"FireDex FXC Turnouts"},"content":{"rendered":"","protected":false},"excerpt":{"rendered":"<p>Experimente la fusi\u00f3n perfecta del dise\u00f1o tradicional con la funcionalidad moderna en  nuestros desv\u00edos FXC. Disponible en Est\u00e1ndar y Deluxe. Certificado seg\u00fan NFPA 1971<\/p>\n","protected":false},"featured_media":374,"comment_status":"open","ping_status":"closed","template":"","meta":[],"product_cat":[23,22],"product_tag":[],"class_list":{"0":"post-373","1":"product","2":"type-product","3":"status-publish","4":"has-post-thumbnail","6":"product_cat-firedex","7":"product_cat-firefighting-ppe","9":"first","10":"instock","11":"shipping-taxable","12":"purchasable","13":"product-type-simple"},"_links":{"self":[{"href":"https:\/\/firehouse.pe\/index.php?rest_route=\/wp\/v2\/product\/373","targetHints":{"allow":["GET"]}}],"collection":[{"href":"https:\/\/firehouse.pe\/index.php?rest_route=\/wp\/v2\/product"}],"about":[{"href":"https:\/\/firehouse.pe\/index.php?rest_route=\/wp\/v2\/types\/product"}],"replies":[{"embeddable":true,"href":"https:\/\/firehouse.pe\/index.php?rest_route=%2Fwp%2Fv2%2Fcomments&post=373"}],"wp:featuredmedia":[{"embeddable":true,"href":"https:\/\/firehouse.pe\/index.php?rest_route=\/wp\/v2\/media\/374"}],"wp:attachment":[{"href":"https:\/\/firehouse.pe\/index.php?rest_route=%2Fwp%2Fv2%2Fmedia&parent=373"}],"wp:term":[{"taxonomy":"product_cat","embeddable":true,"href":"https:\/\/firehouse.pe\/index.php?rest_route=%2Fwp%2Fv2%2Fproduct_cat&post=373"},{"taxonomy":"product_tag","embeddable":true,"href":"https:\/\/firehouse.pe\/index.php?rest_route=%2Fwp%2Fv2%2Fproduct_tag&post=373"}],"curies":[{"name":"wp","href":"https:\/\/api.w.org\/{rel}","templated":true}]}}