{"id":380,"date":"2025-02-12T10:49:22","date_gmt":"2025-02-12T15:49:22","guid":{"rendered":"https:\/\/firehouse.pe\/?post_type=product&#038;p=380"},"modified":"2025-02-12T10:49:23","modified_gmt":"2025-02-12T15:49:23","slug":"firedex-proximity-turnouts","status":"publish","type":"product","link":"https:\/\/firehouse.pe\/?product=firedex-proximity-turnouts","title":{"rendered":"FireDex Proximity Turnouts"},"content":{"rendered":"","protected":false},"excerpt":{"rendered":"<p>Maximice su rendimiento en condiciones de calor radiante extremo con equipo que combina la movilidad y las caracter\u00edsticas de los trajes FXR con la reflexi\u00f3n superior de la tela corporativa Gentex. Este equipo est\u00e1 dise\u00f1ado cuidadosamente para satisfacer las necesidades de rescate y extinci\u00f3n de incendios de aeronaves (ARFF). Certificado seg\u00fan NFPA 1971<\/p>\n","protected":false},"featured_media":381,"comment_status":"open","ping_status":"closed","template":"","meta":[],"product_cat":[23,22],"product_tag":[],"class_list":{"0":"post-380","1":"product","2":"type-product","3":"status-publish","4":"has-post-thumbnail","6":"product_cat-firedex","7":"product_cat-firefighting-ppe","9":"first","10":"instock","11":"shipping-taxable","12":"purchasable","13":"product-type-simple"},"_links":{"self":[{"href":"https:\/\/firehouse.pe\/index.php?rest_route=\/wp\/v2\/product\/380","targetHints":{"allow":["GET"]}}],"collection":[{"href":"https:\/\/firehouse.pe\/index.php?rest_route=\/wp\/v2\/product"}],"about":[{"href":"https:\/\/firehouse.pe\/index.php?rest_route=\/wp\/v2\/types\/product"}],"replies":[{"embeddable":true,"href":"https:\/\/firehouse.pe\/index.php?rest_route=%2Fwp%2Fv2%2Fcomments&post=380"}],"wp:featuredmedia":[{"embeddable":true,"href":"https:\/\/firehouse.pe\/index.php?rest_route=\/wp\/v2\/media\/381"}],"wp:attachment":[{"href":"https:\/\/firehouse.pe\/index.php?rest_route=%2Fwp%2Fv2%2Fmedia&parent=380"}],"wp:term":[{"taxonomy":"product_cat","embeddable":true,"href":"https:\/\/firehouse.pe\/index.php?rest_route=%2Fwp%2Fv2%2Fproduct_cat&post=380"},{"taxonomy":"product_tag","embeddable":true,"href":"https:\/\/firehouse.pe\/index.php?rest_route=%2Fwp%2Fv2%2Fproduct_tag&post=380"}],"curies":[{"name":"wp","href":"https:\/\/api.w.org\/{rel}","templated":true}]}}