{"id":386,"date":"2025-02-12T10:58:55","date_gmt":"2025-02-12T15:58:55","guid":{"rendered":"https:\/\/firehouse.pe\/?post_type=product&#038;p=386"},"modified":"2025-02-12T11:00:03","modified_gmt":"2025-02-12T16:00:03","slug":"esqueleto-de-tamano-natural-xc-101","status":"publish","type":"product","link":"https:\/\/firehouse.pe\/?product=esqueleto-de-tamano-natural-xc-101","title":{"rendered":"Esqueleto de tama\u00f1o natural XC-101"},"content":{"rendered":"","protected":false},"excerpt":{"rendered":"<p>Este esqueleto de pl\u00e1stico articulado de tama\u00f1o natural para adultos es ideal  para ense\u00f1ar los conceptos b\u00e1sicos de la anatom\u00eda humana. Los brazos y las  piernas son desmontables para su estudio. Presenta ramas nerviosas, arteria  vertebral y hernia de disco lumbar. El cr\u00e1neo incluye mand\u00edbula m\u00f3vil, calota  seccionada, l\u00edneas de sutura y 3 dientes inferiores extra\u00edbles. Fabricado en  pl\u00e1stico PVC lavable e irrompible. Tama\u00f1o: 180 cm.<br \/>\nEmbalaje: 1 pieza\/caja, 100 x 46 x 29 cm, 13 kg<\/p>\n","protected":false},"featured_media":387,"comment_status":"open","ping_status":"closed","template":"","meta":[],"product_cat":[21],"product_tag":[],"class_list":{"0":"post-386","1":"product","2":"type-product","3":"status-publish","4":"has-post-thumbnail","6":"product_cat-medical-training-devices","8":"first","9":"instock","10":"shipping-taxable","11":"purchasable","12":"product-type-simple"},"_links":{"self":[{"href":"https:\/\/firehouse.pe\/index.php?rest_route=\/wp\/v2\/product\/386","targetHints":{"allow":["GET"]}}],"collection":[{"href":"https:\/\/firehouse.pe\/index.php?rest_route=\/wp\/v2\/product"}],"about":[{"href":"https:\/\/firehouse.pe\/index.php?rest_route=\/wp\/v2\/types\/product"}],"replies":[{"embeddable":true,"href":"https:\/\/firehouse.pe\/index.php?rest_route=%2Fwp%2Fv2%2Fcomments&post=386"}],"wp:featuredmedia":[{"embeddable":true,"href":"https:\/\/firehouse.pe\/index.php?rest_route=\/wp\/v2\/media\/387"}],"wp:attachment":[{"href":"https:\/\/firehouse.pe\/index.php?rest_route=%2Fwp%2Fv2%2Fmedia&parent=386"}],"wp:term":[{"taxonomy":"product_cat","embeddable":true,"href":"https:\/\/firehouse.pe\/index.php?rest_route=%2Fwp%2Fv2%2Fproduct_cat&post=386"},{"taxonomy":"product_tag","embeddable":true,"href":"https:\/\/firehouse.pe\/index.php?rest_route=%2Fwp%2Fv2%2Fproduct_tag&post=386"}],"curies":[{"name":"wp","href":"https:\/\/api.w.org\/{rel}","templated":true}]}}