{"id":388,"date":"2025-02-12T11:02:48","date_gmt":"2025-02-12T16:02:48","guid":{"rendered":"https:\/\/firehouse.pe\/?post_type=product&#038;p=388"},"modified":"2025-02-12T11:02:48","modified_gmt":"2025-02-12T16:02:48","slug":"esqueleto-xc-102-85cm","status":"publish","type":"product","link":"https:\/\/firehouse.pe\/?product=esqueleto-xc-102-85cm","title":{"rendered":"Esqueleto XC-102 85CM"},"content":{"rendered":"","protected":false},"excerpt":{"rendered":"<p>Este esqueleto de tama\u00f1o medio contiene 200 huesos de un humano  adulto. El cr\u00e1neo tiene mand\u00edbula m\u00f3vil y b\u00f3veda craneal extra\u00edble.  Los brazos son m\u00f3viles y las piernas son extra\u00edbles. Tama\u00f1o: 85 cm. Embalaje: 6 piezas\/caja, 74 x 33 x 52,5 cm, 14 kg<\/p>\n","protected":false},"featured_media":389,"comment_status":"open","ping_status":"closed","template":"","meta":[],"product_cat":[21],"product_tag":[],"class_list":{"0":"post-388","1":"product","2":"type-product","3":"status-publish","4":"has-post-thumbnail","6":"product_cat-medical-training-devices","8":"first","9":"instock","10":"shipping-taxable","11":"purchasable","12":"product-type-simple"},"_links":{"self":[{"href":"https:\/\/firehouse.pe\/index.php?rest_route=\/wp\/v2\/product\/388","targetHints":{"allow":["GET"]}}],"collection":[{"href":"https:\/\/firehouse.pe\/index.php?rest_route=\/wp\/v2\/product"}],"about":[{"href":"https:\/\/firehouse.pe\/index.php?rest_route=\/wp\/v2\/types\/product"}],"replies":[{"embeddable":true,"href":"https:\/\/firehouse.pe\/index.php?rest_route=%2Fwp%2Fv2%2Fcomments&post=388"}],"wp:featuredmedia":[{"embeddable":true,"href":"https:\/\/firehouse.pe\/index.php?rest_route=\/wp\/v2\/media\/389"}],"wp:attachment":[{"href":"https:\/\/firehouse.pe\/index.php?rest_route=%2Fwp%2Fv2%2Fmedia&parent=388"}],"wp:term":[{"taxonomy":"product_cat","embeddable":true,"href":"https:\/\/firehouse.pe\/index.php?rest_route=%2Fwp%2Fv2%2Fproduct_cat&post=388"},{"taxonomy":"product_tag","embeddable":true,"href":"https:\/\/firehouse.pe\/index.php?rest_route=%2Fwp%2Fv2%2Fproduct_tag&post=388"}],"curies":[{"name":"wp","href":"https:\/\/api.w.org\/{rel}","templated":true}]}}