{"id":390,"date":"2025-02-12T11:04:38","date_gmt":"2025-02-12T16:04:38","guid":{"rendered":"https:\/\/firehouse.pe\/?post_type=product&#038;p=390"},"modified":"2025-02-12T11:04:38","modified_gmt":"2025-02-12T16:04:38","slug":"esqueleto-con-musculos-y-ligamentos-xc-101a","status":"publish","type":"product","link":"https:\/\/firehouse.pe\/?product=esqueleto-con-musculos-y-ligamentos-xc-101a","title":{"rendered":"Esqueleto con m\u00fasculos y ligamentos XC-101A"},"content":{"rendered":"","protected":false},"excerpt":{"rendered":"<p>Basado en el modelo XC-101, este modelo est\u00e1 pintado para mostrar los m\u00fasculos y ligamentos. El lado izquierdo del esqueleto<br \/>\nmuestra los puntos de origen (rojo) y los puntos de inserci\u00f3n (azul) de los m\u00fasculos. Tama\u00f1o: 180 cm.<br \/>\nEmbalaje: 1 pieza\/caja, 100 x 46 x 29 cm, 14 kg<\/p>\n","protected":false},"featured_media":391,"comment_status":"open","ping_status":"closed","template":"","meta":[],"product_cat":[21],"product_tag":[],"class_list":{"0":"post-390","1":"product","2":"type-product","3":"status-publish","4":"has-post-thumbnail","6":"product_cat-medical-training-devices","8":"first","9":"instock","10":"shipping-taxable","11":"purchasable","12":"product-type-simple"},"_links":{"self":[{"href":"https:\/\/firehouse.pe\/index.php?rest_route=\/wp\/v2\/product\/390","targetHints":{"allow":["GET"]}}],"collection":[{"href":"https:\/\/firehouse.pe\/index.php?rest_route=\/wp\/v2\/product"}],"about":[{"href":"https:\/\/firehouse.pe\/index.php?rest_route=\/wp\/v2\/types\/product"}],"replies":[{"embeddable":true,"href":"https:\/\/firehouse.pe\/index.php?rest_route=%2Fwp%2Fv2%2Fcomments&post=390"}],"wp:featuredmedia":[{"embeddable":true,"href":"https:\/\/firehouse.pe\/index.php?rest_route=\/wp\/v2\/media\/391"}],"wp:attachment":[{"href":"https:\/\/firehouse.pe\/index.php?rest_route=%2Fwp%2Fv2%2Fmedia&parent=390"}],"wp:term":[{"taxonomy":"product_cat","embeddable":true,"href":"https:\/\/firehouse.pe\/index.php?rest_route=%2Fwp%2Fv2%2Fproduct_cat&post=390"},{"taxonomy":"product_tag","embeddable":true,"href":"https:\/\/firehouse.pe\/index.php?rest_route=%2Fwp%2Fv2%2Fproduct_tag&post=390"}],"curies":[{"name":"wp","href":"https:\/\/api.w.org\/{rel}","templated":true}]}}