{"id":392,"date":"2025-02-12T11:09:04","date_gmt":"2025-02-12T16:09:04","guid":{"rendered":"https:\/\/firehouse.pe\/?post_type=product&#038;p=392"},"modified":"2025-02-18T22:54:10","modified_gmt":"2025-02-19T03:54:10","slug":"esqueleto-de-85-cm-con-nervios-espinales-xc-102a","status":"publish","type":"product","link":"https:\/\/firehouse.pe\/?product=esqueleto-de-85-cm-con-nervios-espinales-xc-102a","title":{"rendered":"Esqueleto de 85 cm con nervios espinales XC-102A"},"content":{"rendered":"","protected":false},"excerpt":{"rendered":"<p>Este modelo presenta la columna vertebral, las ra\u00edces nerviosas, la  arteria vertebral, un disco herniado, cart\u00edlago resaltado en verde,  cr\u00e1neo de 3 piezas desmontable y extremidades. Tama\u00f1o: 85CM. Embalaje: 6 piezas\/caja, 74 x 33 x 52,5 cm, 14 kg<\/p>\n","protected":false},"featured_media":393,"comment_status":"open","ping_status":"closed","template":"","meta":[],"product_cat":[21],"product_tag":[],"class_list":{"0":"post-392","1":"product","2":"type-product","3":"status-publish","4":"has-post-thumbnail","6":"product_cat-medical-training-devices","8":"first","9":"instock","10":"shipping-taxable","11":"purchasable","12":"product-type-simple"},"_links":{"self":[{"href":"https:\/\/firehouse.pe\/index.php?rest_route=\/wp\/v2\/product\/392","targetHints":{"allow":["GET"]}}],"collection":[{"href":"https:\/\/firehouse.pe\/index.php?rest_route=\/wp\/v2\/product"}],"about":[{"href":"https:\/\/firehouse.pe\/index.php?rest_route=\/wp\/v2\/types\/product"}],"replies":[{"embeddable":true,"href":"https:\/\/firehouse.pe\/index.php?rest_route=%2Fwp%2Fv2%2Fcomments&post=392"}],"wp:featuredmedia":[{"embeddable":true,"href":"https:\/\/firehouse.pe\/index.php?rest_route=\/wp\/v2\/media\/393"}],"wp:attachment":[{"href":"https:\/\/firehouse.pe\/index.php?rest_route=%2Fwp%2Fv2%2Fmedia&parent=392"}],"wp:term":[{"taxonomy":"product_cat","embeddable":true,"href":"https:\/\/firehouse.pe\/index.php?rest_route=%2Fwp%2Fv2%2Fproduct_cat&post=392"},{"taxonomy":"product_tag","embeddable":true,"href":"https:\/\/firehouse.pe\/index.php?rest_route=%2Fwp%2Fv2%2Fproduct_tag&post=392"}],"curies":[{"name":"wp","href":"https:\/\/api.w.org\/{rel}","templated":true}]}}