{"id":396,"date":"2025-02-18T22:58:38","date_gmt":"2025-02-19T03:58:38","guid":{"rendered":"https:\/\/firehouse.pe\/?post_type=product&#038;p=396"},"modified":"2025-02-18T22:58:38","modified_gmt":"2025-02-19T03:58:38","slug":"esqueleto-de-85-cm-con-musculos-pintados-xc-102c","status":"publish","type":"product","link":"https:\/\/firehouse.pe\/?product=esqueleto-de-85-cm-con-musculos-pintados-xc-102c","title":{"rendered":"Esqueleto de 85 cm con m\u00fasculos pintados XC-102C"},"content":{"rendered":"","protected":false},"excerpt":{"rendered":"<p>Basado en el modelo XC-102, este modelo est\u00e1 pintado para mostrar los  m\u00fasculos. El lado izquierdo del esqueleto muestra los puntos de origen  (rojo) y los puntos de inserci\u00f3n (azul) de los m\u00fasculos. Tama\u00f1o: 85CM. Embalaje: 6 piezas\/caja, 74 x 33 x 52,5 cm, 14 kg<\/p>\n","protected":false},"featured_media":397,"comment_status":"open","ping_status":"closed","template":"","meta":[],"product_cat":[21],"product_tag":[],"class_list":{"0":"post-396","1":"product","2":"type-product","3":"status-publish","4":"has-post-thumbnail","6":"product_cat-medical-training-devices","8":"first","9":"instock","10":"shipping-taxable","11":"purchasable","12":"product-type-simple"},"_links":{"self":[{"href":"https:\/\/firehouse.pe\/index.php?rest_route=\/wp\/v2\/product\/396","targetHints":{"allow":["GET"]}}],"collection":[{"href":"https:\/\/firehouse.pe\/index.php?rest_route=\/wp\/v2\/product"}],"about":[{"href":"https:\/\/firehouse.pe\/index.php?rest_route=\/wp\/v2\/types\/product"}],"replies":[{"embeddable":true,"href":"https:\/\/firehouse.pe\/index.php?rest_route=%2Fwp%2Fv2%2Fcomments&post=396"}],"wp:featuredmedia":[{"embeddable":true,"href":"https:\/\/firehouse.pe\/index.php?rest_route=\/wp\/v2\/media\/397"}],"wp:attachment":[{"href":"https:\/\/firehouse.pe\/index.php?rest_route=%2Fwp%2Fv2%2Fmedia&parent=396"}],"wp:term":[{"taxonomy":"product_cat","embeddable":true,"href":"https:\/\/firehouse.pe\/index.php?rest_route=%2Fwp%2Fv2%2Fproduct_cat&post=396"},{"taxonomy":"product_tag","embeddable":true,"href":"https:\/\/firehouse.pe\/index.php?rest_route=%2Fwp%2Fv2%2Fproduct_tag&post=396"}],"curies":[{"name":"wp","href":"https:\/\/api.w.org\/{rel}","templated":true}]}}