{"id":402,"date":"2025-02-18T23:02:42","date_gmt":"2025-02-19T04:02:42","guid":{"rendered":"https:\/\/firehouse.pe\/?post_type=product&#038;p=402"},"modified":"2025-02-18T23:02:42","modified_gmt":"2025-02-19T04:02:42","slug":"modelo-desarticulado-de-columna-vertebral-en-tamano-natural-xc-107d","status":"publish","type":"product","link":"https:\/\/firehouse.pe\/?product=modelo-desarticulado-de-columna-vertebral-en-tamano-natural-xc-107d","title":{"rendered":"Modelo desarticulado de columna vertebral en tama\u00f1o natural XC-107D"},"content":{"rendered":"","protected":false},"excerpt":{"rendered":"<p>Este modelo consta de 7 v\u00e9rtebras cervicales, 12 v\u00e9rtebras tor\u00e1cicas, 5 v\u00e9rtebras lumbares y 1 v\u00e9rtebra de  cola, empaquetadas en una caja de pl\u00e1stico. Embalaje: 8 piezas\/caja, 62 x 56 x 41 cm, 20 kg<\/p>\n","protected":false},"featured_media":403,"comment_status":"open","ping_status":"closed","template":"","meta":[],"product_cat":[21],"product_tag":[],"class_list":{"0":"post-402","1":"product","2":"type-product","3":"status-publish","4":"has-post-thumbnail","6":"product_cat-medical-training-devices","8":"first","9":"instock","10":"shipping-taxable","11":"purchasable","12":"product-type-simple"},"_links":{"self":[{"href":"https:\/\/firehouse.pe\/index.php?rest_route=\/wp\/v2\/product\/402","targetHints":{"allow":["GET"]}}],"collection":[{"href":"https:\/\/firehouse.pe\/index.php?rest_route=\/wp\/v2\/product"}],"about":[{"href":"https:\/\/firehouse.pe\/index.php?rest_route=\/wp\/v2\/types\/product"}],"replies":[{"embeddable":true,"href":"https:\/\/firehouse.pe\/index.php?rest_route=%2Fwp%2Fv2%2Fcomments&post=402"}],"wp:featuredmedia":[{"embeddable":true,"href":"https:\/\/firehouse.pe\/index.php?rest_route=\/wp\/v2\/media\/403"}],"wp:attachment":[{"href":"https:\/\/firehouse.pe\/index.php?rest_route=%2Fwp%2Fv2%2Fmedia&parent=402"}],"wp:term":[{"taxonomy":"product_cat","embeddable":true,"href":"https:\/\/firehouse.pe\/index.php?rest_route=%2Fwp%2Fv2%2Fproduct_cat&post=402"},{"taxonomy":"product_tag","embeddable":true,"href":"https:\/\/firehouse.pe\/index.php?rest_route=%2Fwp%2Fv2%2Fproduct_tag&post=402"}],"curies":[{"name":"wp","href":"https:\/\/api.w.org\/{rel}","templated":true}]}}