{"id":405,"date":"2025-02-18T23:04:12","date_gmt":"2025-02-19T04:04:12","guid":{"rendered":"https:\/\/firehouse.pe\/?post_type=product&#038;p=405"},"modified":"2025-02-18T23:04:12","modified_gmt":"2025-02-19T04:04:12","slug":"columna-vertebral-de-tamano-natural-xc-107","status":"publish","type":"product","link":"https:\/\/firehouse.pe\/?product=columna-vertebral-de-tamano-natural-xc-107","title":{"rendered":"Columna vertebral de tama\u00f1o natural XC-107"},"content":{"rendered":"","protected":false},"excerpt":{"rendered":"<p>Este modelo muestra todas las caracter\u00edsticas significativas de cada v\u00e9rtebra, incluida la  m\u00e9dula espinal, las ra\u00edces nerviosas, la arteria vertebral, un disco herniado y la muesca  vertebral, etc. Las caracter\u00edsticas especiales incluyen: columna vertebral flexible, sacro, hueso  occipital, arteria vertebral, todas las ramas nerviosas y disco lumbar herniado. Embalaje: 2 piezas\/caja, 80 x 32 x 39 cm, 7 kg<\/p>\n","protected":false},"featured_media":406,"comment_status":"open","ping_status":"closed","template":"","meta":[],"product_cat":[21],"product_tag":[],"class_list":{"0":"post-405","1":"product","2":"type-product","3":"status-publish","4":"has-post-thumbnail","6":"product_cat-medical-training-devices","8":"first","9":"instock","10":"shipping-taxable","11":"purchasable","12":"product-type-simple"},"_links":{"self":[{"href":"https:\/\/firehouse.pe\/index.php?rest_route=\/wp\/v2\/product\/405","targetHints":{"allow":["GET"]}}],"collection":[{"href":"https:\/\/firehouse.pe\/index.php?rest_route=\/wp\/v2\/product"}],"about":[{"href":"https:\/\/firehouse.pe\/index.php?rest_route=\/wp\/v2\/types\/product"}],"replies":[{"embeddable":true,"href":"https:\/\/firehouse.pe\/index.php?rest_route=%2Fwp%2Fv2%2Fcomments&post=405"}],"wp:featuredmedia":[{"embeddable":true,"href":"https:\/\/firehouse.pe\/index.php?rest_route=\/wp\/v2\/media\/406"}],"wp:attachment":[{"href":"https:\/\/firehouse.pe\/index.php?rest_route=%2Fwp%2Fv2%2Fmedia&parent=405"}],"wp:term":[{"taxonomy":"product_cat","embeddable":true,"href":"https:\/\/firehouse.pe\/index.php?rest_route=%2Fwp%2Fv2%2Fproduct_cat&post=405"},{"taxonomy":"product_tag","embeddable":true,"href":"https:\/\/firehouse.pe\/index.php?rest_route=%2Fwp%2Fv2%2Fproduct_tag&post=405"}],"curies":[{"name":"wp","href":"https:\/\/api.w.org\/{rel}","templated":true}]}}