{"id":407,"date":"2025-02-18T23:05:40","date_gmt":"2025-02-19T04:05:40","guid":{"rendered":"https:\/\/firehouse.pe\/?post_type=product&#038;p=407"},"modified":"2025-02-18T23:05:40","modified_gmt":"2025-02-19T04:05:40","slug":"columna-vertebral-con-musculos-pintados-xc-107a","status":"publish","type":"product","link":"https:\/\/firehouse.pe\/?product=columna-vertebral-con-musculos-pintados-xc-107a","title":{"rendered":"Columna vertebral con m\u00fasculos  pintados XC-107A"},"content":{"rendered":"","protected":false},"excerpt":{"rendered":"<p>Este modelo, basado en el modelo XC-107, est\u00e1 pintado para mostrar los  m\u00fasculos. El lado izquierdo de la columna vertebral muestra los puntos de origen (rojo) y los puntos de inserci\u00f3n (azul) de los m\u00fasculos. Embalaje: 2 piezas\/caja, 80 x 32 x 39 cm, 7 kg<\/p>\n","protected":false},"featured_media":408,"comment_status":"open","ping_status":"closed","template":"","meta":[],"product_cat":[21],"product_tag":[],"class_list":{"0":"post-407","1":"product","2":"type-product","3":"status-publish","4":"has-post-thumbnail","6":"product_cat-medical-training-devices","8":"first","9":"instock","10":"shipping-taxable","11":"purchasable","12":"product-type-simple"},"_links":{"self":[{"href":"https:\/\/firehouse.pe\/index.php?rest_route=\/wp\/v2\/product\/407","targetHints":{"allow":["GET"]}}],"collection":[{"href":"https:\/\/firehouse.pe\/index.php?rest_route=\/wp\/v2\/product"}],"about":[{"href":"https:\/\/firehouse.pe\/index.php?rest_route=\/wp\/v2\/types\/product"}],"replies":[{"embeddable":true,"href":"https:\/\/firehouse.pe\/index.php?rest_route=%2Fwp%2Fv2%2Fcomments&post=407"}],"wp:featuredmedia":[{"embeddable":true,"href":"https:\/\/firehouse.pe\/index.php?rest_route=\/wp\/v2\/media\/408"}],"wp:attachment":[{"href":"https:\/\/firehouse.pe\/index.php?rest_route=%2Fwp%2Fv2%2Fmedia&parent=407"}],"wp:term":[{"taxonomy":"product_cat","embeddable":true,"href":"https:\/\/firehouse.pe\/index.php?rest_route=%2Fwp%2Fv2%2Fproduct_cat&post=407"},{"taxonomy":"product_tag","embeddable":true,"href":"https:\/\/firehouse.pe\/index.php?rest_route=%2Fwp%2Fv2%2Fproduct_tag&post=407"}],"curies":[{"name":"wp","href":"https:\/\/api.w.org\/{rel}","templated":true}]}}