{"id":409,"date":"2025-02-18T23:06:57","date_gmt":"2025-02-19T04:06:57","guid":{"rendered":"https:\/\/firehouse.pe\/?post_type=product&#038;p=409"},"modified":"2025-02-18T23:06:58","modified_gmt":"2025-02-19T04:06:58","slug":"columna-vertebral-didactica-xc-107c","status":"publish","type":"product","link":"https:\/\/firehouse.pe\/?product=columna-vertebral-didactica-xc-107c","title":{"rendered":"Columna vertebral did\u00e1ctica XC-107C"},"content":{"rendered":"","protected":false},"excerpt":{"rendered":"<p>Este modelo es una actualizaci\u00f3n del XC-107 y presenta diferentes secciones de la  columna vertebral en diferentes colores: v\u00e9rtebras cervicales, v\u00e9rtebras tor\u00e1cicas,  v\u00e9rtebras lumbares, sacro y c\u00f3ccix. Embalaje: 2 piezas\/caja, 80 x 32 x 39 cm, 7 kg<\/p>\n","protected":false},"featured_media":410,"comment_status":"open","ping_status":"closed","template":"","meta":[],"product_cat":[21],"product_tag":[],"class_list":{"0":"post-409","1":"product","2":"type-product","3":"status-publish","4":"has-post-thumbnail","6":"product_cat-medical-training-devices","8":"first","9":"instock","10":"shipping-taxable","11":"purchasable","12":"product-type-simple"},"_links":{"self":[{"href":"https:\/\/firehouse.pe\/index.php?rest_route=\/wp\/v2\/product\/409","targetHints":{"allow":["GET"]}}],"collection":[{"href":"https:\/\/firehouse.pe\/index.php?rest_route=\/wp\/v2\/product"}],"about":[{"href":"https:\/\/firehouse.pe\/index.php?rest_route=\/wp\/v2\/types\/product"}],"replies":[{"embeddable":true,"href":"https:\/\/firehouse.pe\/index.php?rest_route=%2Fwp%2Fv2%2Fcomments&post=409"}],"wp:featuredmedia":[{"embeddable":true,"href":"https:\/\/firehouse.pe\/index.php?rest_route=\/wp\/v2\/media\/410"}],"wp:attachment":[{"href":"https:\/\/firehouse.pe\/index.php?rest_route=%2Fwp%2Fv2%2Fmedia&parent=409"}],"wp:term":[{"taxonomy":"product_cat","embeddable":true,"href":"https:\/\/firehouse.pe\/index.php?rest_route=%2Fwp%2Fv2%2Fproduct_cat&post=409"},{"taxonomy":"product_tag","embeddable":true,"href":"https:\/\/firehouse.pe\/index.php?rest_route=%2Fwp%2Fv2%2Fproduct_tag&post=409"}],"curies":[{"name":"wp","href":"https:\/\/api.w.org\/{rel}","templated":true}]}}