{"id":413,"date":"2025-02-18T23:10:08","date_gmt":"2025-02-19T04:10:08","guid":{"rendered":"https:\/\/firehouse.pe\/?post_type=product&#038;p=413"},"modified":"2025-02-18T23:10:08","modified_gmt":"2025-02-19T04:10:08","slug":"articulacion-de-hombro-musculosa-en-tamano-natural-xc-109a","status":"publish","type":"product","link":"https:\/\/firehouse.pe\/?product=articulacion-de-hombro-musculosa-en-tamano-natural-xc-109a","title":{"rendered":"Articulaci\u00f3n de hombro musculosa en tama\u00f1o natural XC-109A"},"content":{"rendered":"","protected":false},"excerpt":{"rendered":"<p>Este hombro derecho de tama\u00f1o natural incluye: los m\u00fasculos  infraespinoso, subescapular, supraespinoso y redondo mayor y menor; los  huesos acromion, clav\u00edcula, h\u00famero, esc\u00e1pula y los ligamentos y tendones  relacionados. Embalaje: 10 piezas\/caja, 74 x 43 x 29 cm, 12 kg<\/p>\n","protected":false},"featured_media":414,"comment_status":"open","ping_status":"closed","template":"","meta":[],"product_cat":[21],"product_tag":[],"class_list":{"0":"post-413","1":"product","2":"type-product","3":"status-publish","4":"has-post-thumbnail","6":"product_cat-medical-training-devices","8":"first","9":"instock","10":"shipping-taxable","11":"purchasable","12":"product-type-simple"},"_links":{"self":[{"href":"https:\/\/firehouse.pe\/index.php?rest_route=\/wp\/v2\/product\/413","targetHints":{"allow":["GET"]}}],"collection":[{"href":"https:\/\/firehouse.pe\/index.php?rest_route=\/wp\/v2\/product"}],"about":[{"href":"https:\/\/firehouse.pe\/index.php?rest_route=\/wp\/v2\/types\/product"}],"replies":[{"embeddable":true,"href":"https:\/\/firehouse.pe\/index.php?rest_route=%2Fwp%2Fv2%2Fcomments&post=413"}],"wp:featuredmedia":[{"embeddable":true,"href":"https:\/\/firehouse.pe\/index.php?rest_route=\/wp\/v2\/media\/414"}],"wp:attachment":[{"href":"https:\/\/firehouse.pe\/index.php?rest_route=%2Fwp%2Fv2%2Fmedia&parent=413"}],"wp:term":[{"taxonomy":"product_cat","embeddable":true,"href":"https:\/\/firehouse.pe\/index.php?rest_route=%2Fwp%2Fv2%2Fproduct_cat&post=413"},{"taxonomy":"product_tag","embeddable":true,"href":"https:\/\/firehouse.pe\/index.php?rest_route=%2Fwp%2Fv2%2Fproduct_tag&post=413"}],"curies":[{"name":"wp","href":"https:\/\/api.w.org\/{rel}","templated":true}]}}