{"id":417,"date":"2025-02-18T23:12:34","date_gmt":"2025-02-19T04:12:34","guid":{"rendered":"https:\/\/firehouse.pe\/?post_type=product&#038;p=417"},"modified":"2025-02-18T23:12:34","modified_gmt":"2025-02-19T04:12:34","slug":"articulacion-de-rodilla-en-tamano-real-xc-111","status":"publish","type":"product","link":"https:\/\/firehouse.pe\/?product=articulacion-de-rodilla-en-tamano-real-xc-111","title":{"rendered":"Articulaci\u00f3n de rodilla en tama\u00f1o real XC-111"},"content":{"rendered":"","protected":false},"excerpt":{"rendered":"<p>Demuestra abducci\u00f3n, anteversi\u00f3n, retroversi\u00f3n y rotaci\u00f3n interna\/externa.  Incluye ligamentos artificiales flexibles. Tama\u00f1o natural, sobre soporte. Tama\u00f1o: 12 x 12 x 33 cm. Embalaje: 10 piezas\/caja, 77 x 32 x 36 cm, 10 kg<\/p>\n","protected":false},"featured_media":418,"comment_status":"open","ping_status":"closed","template":"","meta":[],"product_cat":[21],"product_tag":[],"class_list":{"0":"post-417","1":"product","2":"type-product","3":"status-publish","4":"has-post-thumbnail","6":"product_cat-medical-training-devices","8":"first","9":"instock","10":"shipping-taxable","11":"purchasable","12":"product-type-simple"},"_links":{"self":[{"href":"https:\/\/firehouse.pe\/index.php?rest_route=\/wp\/v2\/product\/417","targetHints":{"allow":["GET"]}}],"collection":[{"href":"https:\/\/firehouse.pe\/index.php?rest_route=\/wp\/v2\/product"}],"about":[{"href":"https:\/\/firehouse.pe\/index.php?rest_route=\/wp\/v2\/types\/product"}],"replies":[{"embeddable":true,"href":"https:\/\/firehouse.pe\/index.php?rest_route=%2Fwp%2Fv2%2Fcomments&post=417"}],"wp:featuredmedia":[{"embeddable":true,"href":"https:\/\/firehouse.pe\/index.php?rest_route=\/wp\/v2\/media\/418"}],"wp:attachment":[{"href":"https:\/\/firehouse.pe\/index.php?rest_route=%2Fwp%2Fv2%2Fmedia&parent=417"}],"wp:term":[{"taxonomy":"product_cat","embeddable":true,"href":"https:\/\/firehouse.pe\/index.php?rest_route=%2Fwp%2Fv2%2Fproduct_cat&post=417"},{"taxonomy":"product_tag","embeddable":true,"href":"https:\/\/firehouse.pe\/index.php?rest_route=%2Fwp%2Fv2%2Fproduct_tag&post=417"}],"curies":[{"name":"wp","href":"https:\/\/api.w.org\/{rel}","templated":true}]}}