{"id":421,"date":"2025-02-18T23:16:15","date_gmt":"2025-02-19T04:16:15","guid":{"rendered":"https:\/\/firehouse.pe\/?post_type=product&#038;p=421"},"modified":"2025-02-18T23:16:15","modified_gmt":"2025-02-19T04:16:15","slug":"articulacion-del-pie-en-tamano-real-xc-113","status":"publish","type":"product","link":"https:\/\/firehouse.pe\/?product=articulacion-del-pie-en-tamano-real-xc-113","title":{"rendered":"Articulaci\u00f3n del pie en tama\u00f1o real XC-113"},"content":{"rendered":"","protected":false},"excerpt":{"rendered":"<p>Muestra toda la funcionalidad del pie y las estructuras anat\u00f3micas  externas. Fabricado en pl\u00e1stico PVC, tama\u00f1o natural, sobre  soporte. Tama\u00f1o: 12x22x27CM. Embalaje: 10 piezas\/caja, 55 x 35 x 33 cm, 8 kg<\/p>\n","protected":false},"featured_media":422,"comment_status":"open","ping_status":"closed","template":"","meta":[],"product_cat":[21],"product_tag":[],"class_list":{"0":"post-421","1":"product","2":"type-product","3":"status-publish","4":"has-post-thumbnail","6":"product_cat-medical-training-devices","8":"first","9":"instock","10":"shipping-taxable","11":"purchasable","12":"product-type-simple"},"_links":{"self":[{"href":"https:\/\/firehouse.pe\/index.php?rest_route=\/wp\/v2\/product\/421","targetHints":{"allow":["GET"]}}],"collection":[{"href":"https:\/\/firehouse.pe\/index.php?rest_route=\/wp\/v2\/product"}],"about":[{"href":"https:\/\/firehouse.pe\/index.php?rest_route=\/wp\/v2\/types\/product"}],"replies":[{"embeddable":true,"href":"https:\/\/firehouse.pe\/index.php?rest_route=%2Fwp%2Fv2%2Fcomments&post=421"}],"wp:featuredmedia":[{"embeddable":true,"href":"https:\/\/firehouse.pe\/index.php?rest_route=\/wp\/v2\/media\/422"}],"wp:attachment":[{"href":"https:\/\/firehouse.pe\/index.php?rest_route=%2Fwp%2Fv2%2Fmedia&parent=421"}],"wp:term":[{"taxonomy":"product_cat","embeddable":true,"href":"https:\/\/firehouse.pe\/index.php?rest_route=%2Fwp%2Fv2%2Fproduct_cat&post=421"},{"taxonomy":"product_tag","embeddable":true,"href":"https:\/\/firehouse.pe\/index.php?rest_route=%2Fwp%2Fv2%2Fproduct_tag&post=421"}],"curies":[{"name":"wp","href":"https:\/\/api.w.org\/{rel}","templated":true}]}}