{"id":423,"date":"2025-02-18T23:17:45","date_gmt":"2025-02-19T04:17:45","guid":{"rendered":"https:\/\/firehouse.pe\/?post_type=product&#038;p=423"},"modified":"2025-02-18T23:17:46","modified_gmt":"2025-02-19T04:17:46","slug":"craneo-de-tamano-natural-xc-104","status":"publish","type":"product","link":"https:\/\/firehouse.pe\/?product=craneo-de-tamano-natural-xc-104","title":{"rendered":"Cr\u00e1neo de tama\u00f1o natural XC-104"},"content":{"rendered":"","protected":false},"excerpt":{"rendered":"<p>Este cr\u00e1neo de adulto de tama\u00f1o natural presenta una mand\u00edbula m\u00f3vil, calota craneal cortada, l\u00edneas  de sutura y 3 dientes inferiores extra\u00edbles: incisivo, canino y molar. Diseccionado en 3 partes. Tama\u00f1o:  19x15x21CM. Embalaje: 18 piezas\/caja, 53 x 39 x 55 cm, 18 kg<\/p>\n","protected":false},"featured_media":424,"comment_status":"open","ping_status":"closed","template":"","meta":[],"product_cat":[21],"product_tag":[],"class_list":{"0":"post-423","1":"product","2":"type-product","3":"status-publish","4":"has-post-thumbnail","6":"product_cat-medical-training-devices","8":"first","9":"instock","10":"shipping-taxable","11":"purchasable","12":"product-type-simple"},"_links":{"self":[{"href":"https:\/\/firehouse.pe\/index.php?rest_route=\/wp\/v2\/product\/423","targetHints":{"allow":["GET"]}}],"collection":[{"href":"https:\/\/firehouse.pe\/index.php?rest_route=\/wp\/v2\/product"}],"about":[{"href":"https:\/\/firehouse.pe\/index.php?rest_route=\/wp\/v2\/types\/product"}],"replies":[{"embeddable":true,"href":"https:\/\/firehouse.pe\/index.php?rest_route=%2Fwp%2Fv2%2Fcomments&post=423"}],"wp:featuredmedia":[{"embeddable":true,"href":"https:\/\/firehouse.pe\/index.php?rest_route=\/wp\/v2\/media\/424"}],"wp:attachment":[{"href":"https:\/\/firehouse.pe\/index.php?rest_route=%2Fwp%2Fv2%2Fmedia&parent=423"}],"wp:term":[{"taxonomy":"product_cat","embeddable":true,"href":"https:\/\/firehouse.pe\/index.php?rest_route=%2Fwp%2Fv2%2Fproduct_cat&post=423"},{"taxonomy":"product_tag","embeddable":true,"href":"https:\/\/firehouse.pe\/index.php?rest_route=%2Fwp%2Fv2%2Fproduct_tag&post=423"}],"curies":[{"name":"wp","href":"https:\/\/api.w.org\/{rel}","templated":true}]}}