{"id":431,"date":"2025-02-18T23:23:19","date_gmt":"2025-02-19T04:23:19","guid":{"rendered":"https:\/\/firehouse.pe\/?post_type=product&#038;p=431"},"modified":"2025-02-18T23:23:19","modified_gmt":"2025-02-19T04:23:19","slug":"modelo-de-craneo-con-cerebro-de-8-partes-xc-104e","status":"publish","type":"product","link":"https:\/\/firehouse.pe\/?product=modelo-de-craneo-con-cerebro-de-8-partes-xc-104e","title":{"rendered":"Modelo de cr\u00e1neo con cerebro de 8 partes XC-104E"},"content":{"rendered":"","protected":false},"excerpt":{"rendered":"<p>Este modelo est\u00e1 basado en XC-104D, incluye 8 partes del  cerebro: l\u00f3bulo frontal y parietal, l\u00f3bulo temporal y occipital,  tronco encef\u00e1lico y cerebelo. Embalaje: 18 piezas\/caja, 49 x 45 x 54 cm, 23 kg<\/p>\n","protected":false},"featured_media":432,"comment_status":"open","ping_status":"closed","template":"","meta":[],"product_cat":[21],"product_tag":[],"class_list":{"0":"post-431","1":"product","2":"type-product","3":"status-publish","4":"has-post-thumbnail","6":"product_cat-medical-training-devices","8":"first","9":"instock","10":"shipping-taxable","11":"purchasable","12":"product-type-simple"},"_links":{"self":[{"href":"https:\/\/firehouse.pe\/index.php?rest_route=\/wp\/v2\/product\/431","targetHints":{"allow":["GET"]}}],"collection":[{"href":"https:\/\/firehouse.pe\/index.php?rest_route=\/wp\/v2\/product"}],"about":[{"href":"https:\/\/firehouse.pe\/index.php?rest_route=\/wp\/v2\/types\/product"}],"replies":[{"embeddable":true,"href":"https:\/\/firehouse.pe\/index.php?rest_route=%2Fwp%2Fv2%2Fcomments&post=431"}],"wp:featuredmedia":[{"embeddable":true,"href":"https:\/\/firehouse.pe\/index.php?rest_route=\/wp\/v2\/media\/432"}],"wp:attachment":[{"href":"https:\/\/firehouse.pe\/index.php?rest_route=%2Fwp%2Fv2%2Fmedia&parent=431"}],"wp:term":[{"taxonomy":"product_cat","embeddable":true,"href":"https:\/\/firehouse.pe\/index.php?rest_route=%2Fwp%2Fv2%2Fproduct_cat&post=431"},{"taxonomy":"product_tag","embeddable":true,"href":"https:\/\/firehouse.pe\/index.php?rest_route=%2Fwp%2Fv2%2Fproduct_tag&post=431"}],"curies":[{"name":"wp","href":"https:\/\/api.w.org\/{rel}","templated":true}]}}