{"id":435,"date":"2025-02-18T23:25:55","date_gmt":"2025-02-19T04:25:55","guid":{"rendered":"https:\/\/firehouse.pe\/?post_type=product&#038;p=435"},"modified":"2025-02-18T23:25:55","modified_gmt":"2025-02-19T04:25:55","slug":"craneo-de-plastico-en-miniatura-xc-106","status":"publish","type":"product","link":"https:\/\/firehouse.pe\/?product=craneo-de-plastico-en-miniatura-xc-106","title":{"rendered":"Cr\u00e1neo de pl\u00e1stico en miniatura XC-106"},"content":{"rendered":"","protected":false},"excerpt":{"rendered":"<p>Este modelo muestra la estructura principal de los diferentes huesos del  cr\u00e1neo. Se puede quitar la b\u00f3veda craneal y colgar la mand\u00edbula para ver las  estructuras \u00f3seas de la boca. Tama\u00f1o: 10 x 8 x 10 cm. Embalaje: 32 piezas\/caja, 54 x 30 x 41 cm, 9 kg<\/p>\n","protected":false},"featured_media":436,"comment_status":"open","ping_status":"closed","template":"","meta":[],"product_cat":[21],"product_tag":[],"class_list":{"0":"post-435","1":"product","2":"type-product","3":"status-publish","4":"has-post-thumbnail","6":"product_cat-medical-training-devices","8":"first","9":"instock","10":"shipping-taxable","11":"purchasable","12":"product-type-simple"},"_links":{"self":[{"href":"https:\/\/firehouse.pe\/index.php?rest_route=\/wp\/v2\/product\/435","targetHints":{"allow":["GET"]}}],"collection":[{"href":"https:\/\/firehouse.pe\/index.php?rest_route=\/wp\/v2\/product"}],"about":[{"href":"https:\/\/firehouse.pe\/index.php?rest_route=\/wp\/v2\/types\/product"}],"replies":[{"embeddable":true,"href":"https:\/\/firehouse.pe\/index.php?rest_route=%2Fwp%2Fv2%2Fcomments&post=435"}],"wp:featuredmedia":[{"embeddable":true,"href":"https:\/\/firehouse.pe\/index.php?rest_route=\/wp\/v2\/media\/436"}],"wp:attachment":[{"href":"https:\/\/firehouse.pe\/index.php?rest_route=%2Fwp%2Fv2%2Fmedia&parent=435"}],"wp:term":[{"taxonomy":"product_cat","embeddable":true,"href":"https:\/\/firehouse.pe\/index.php?rest_route=%2Fwp%2Fv2%2Fproduct_cat&post=435"},{"taxonomy":"product_tag","embeddable":true,"href":"https:\/\/firehouse.pe\/index.php?rest_route=%2Fwp%2Fv2%2Fproduct_tag&post=435"}],"curies":[{"name":"wp","href":"https:\/\/api.w.org\/{rel}","templated":true}]}}