{"id":437,"date":"2025-02-18T23:28:55","date_gmt":"2025-02-19T04:28:55","guid":{"rendered":"https:\/\/firehouse.pe\/?post_type=product&#038;p=437"},"modified":"2025-02-18T23:28:56","modified_gmt":"2025-02-19T04:28:56","slug":"columna-vertebral-de-tamano-natural-con-pelvis-xc-105","status":"publish","type":"product","link":"https:\/\/firehouse.pe\/?product=columna-vertebral-de-tamano-natural-con-pelvis-xc-105","title":{"rendered":"Columna vertebral de tama\u00f1o natural con pelvis XC-105"},"content":{"rendered":"","protected":false},"excerpt":{"rendered":"<p>Este modelo muestra todas las caracter\u00edsticas significativas de cada v\u00e9rtebra, incluida la m\u00e9dula  espinal, las ra\u00edces nerviosas, la arteria vertebral, un disco herniado y la muesca vertebral, etc. Las caracter\u00edsticas especiales incluyen: columna vertebral flexible completa con pelvis, sacro,  hueso occipital, arteria vertebral, todas las ramas nerviosas y disco lumbar herniado. Embalaje: 2 piezas\/caja, 80 x 32 x 39 cm, 9 kg<\/p>\n","protected":false},"featured_media":438,"comment_status":"open","ping_status":"closed","template":"","meta":[],"product_cat":[21],"product_tag":[],"class_list":{"0":"post-437","1":"product","2":"type-product","3":"status-publish","4":"has-post-thumbnail","6":"product_cat-medical-training-devices","8":"first","9":"instock","10":"shipping-taxable","11":"purchasable","12":"product-type-simple"},"_links":{"self":[{"href":"https:\/\/firehouse.pe\/index.php?rest_route=\/wp\/v2\/product\/437","targetHints":{"allow":["GET"]}}],"collection":[{"href":"https:\/\/firehouse.pe\/index.php?rest_route=\/wp\/v2\/product"}],"about":[{"href":"https:\/\/firehouse.pe\/index.php?rest_route=\/wp\/v2\/types\/product"}],"replies":[{"embeddable":true,"href":"https:\/\/firehouse.pe\/index.php?rest_route=%2Fwp%2Fv2%2Fcomments&post=437"}],"wp:featuredmedia":[{"embeddable":true,"href":"https:\/\/firehouse.pe\/index.php?rest_route=\/wp\/v2\/media\/438"}],"wp:attachment":[{"href":"https:\/\/firehouse.pe\/index.php?rest_route=%2Fwp%2Fv2%2Fmedia&parent=437"}],"wp:term":[{"taxonomy":"product_cat","embeddable":true,"href":"https:\/\/firehouse.pe\/index.php?rest_route=%2Fwp%2Fv2%2Fproduct_cat&post=437"},{"taxonomy":"product_tag","embeddable":true,"href":"https:\/\/firehouse.pe\/index.php?rest_route=%2Fwp%2Fv2%2Fproduct_tag&post=437"}],"curies":[{"name":"wp","href":"https:\/\/api.w.org\/{rel}","templated":true}]}}