{"id":439,"date":"2025-02-18T23:30:35","date_gmt":"2025-02-19T04:30:35","guid":{"rendered":"https:\/\/firehouse.pe\/?post_type=product&#038;p=439"},"modified":"2025-02-18T23:30:35","modified_gmt":"2025-02-19T04:30:35","slug":"columna-vertebral-con-pelvis-y-musculos-pintados-xc-105a","status":"publish","type":"product","link":"https:\/\/firehouse.pe\/?product=columna-vertebral-con-pelvis-y-musculos-pintados-xc-105a","title":{"rendered":"Columna vertebral con pelvis y  m\u00fasculos pintados XC-105A"},"content":{"rendered":"","protected":false},"excerpt":{"rendered":"<p>Este modelo, basado en el modelo XC-105, est\u00e1 pintado  para mostrar los m\u00fasculos. El lado izquierdo de la columna  vertebral muestra los puntos de origen (rojo) y los puntos  de inserci\u00f3n (azul) de los m\u00fasculos. Embalaje: 2 piezas\/caja, 80 x 32 x 39 cm, 9 kg<\/p>\n","protected":false},"featured_media":440,"comment_status":"open","ping_status":"closed","template":"","meta":[],"product_cat":[21],"product_tag":[],"class_list":{"0":"post-439","1":"product","2":"type-product","3":"status-publish","4":"has-post-thumbnail","6":"product_cat-medical-training-devices","8":"first","9":"instock","10":"shipping-taxable","11":"purchasable","12":"product-type-simple"},"_links":{"self":[{"href":"https:\/\/firehouse.pe\/index.php?rest_route=\/wp\/v2\/product\/439","targetHints":{"allow":["GET"]}}],"collection":[{"href":"https:\/\/firehouse.pe\/index.php?rest_route=\/wp\/v2\/product"}],"about":[{"href":"https:\/\/firehouse.pe\/index.php?rest_route=\/wp\/v2\/types\/product"}],"replies":[{"embeddable":true,"href":"https:\/\/firehouse.pe\/index.php?rest_route=%2Fwp%2Fv2%2Fcomments&post=439"}],"wp:featuredmedia":[{"embeddable":true,"href":"https:\/\/firehouse.pe\/index.php?rest_route=\/wp\/v2\/media\/440"}],"wp:attachment":[{"href":"https:\/\/firehouse.pe\/index.php?rest_route=%2Fwp%2Fv2%2Fmedia&parent=439"}],"wp:term":[{"taxonomy":"product_cat","embeddable":true,"href":"https:\/\/firehouse.pe\/index.php?rest_route=%2Fwp%2Fv2%2Fproduct_cat&post=439"},{"taxonomy":"product_tag","embeddable":true,"href":"https:\/\/firehouse.pe\/index.php?rest_route=%2Fwp%2Fv2%2Fproduct_tag&post=439"}],"curies":[{"name":"wp","href":"https:\/\/api.w.org\/{rel}","templated":true}]}}