{"id":441,"date":"2025-02-18T23:32:46","date_gmt":"2025-02-19T04:32:46","guid":{"rendered":"https:\/\/firehouse.pe\/?post_type=product&#038;p=441"},"modified":"2025-02-18T23:32:46","modified_gmt":"2025-02-19T04:32:46","slug":"columna-vertebral-didactica-con-pelvis-xc-105c","status":"publish","type":"product","link":"https:\/\/firehouse.pe\/?product=columna-vertebral-didactica-con-pelvis-xc-105c","title":{"rendered":"Columna vertebral did\u00e1ctica con pelvis XC-105C"},"content":{"rendered":"","protected":false},"excerpt":{"rendered":"<p>Este modelo es una actualizaci\u00f3n del XC-105 y presenta diferentes secciones de la  columna vertebral en diferentes colores: v\u00e9rtebras cervicales, v\u00e9rtebras tor\u00e1cicas,  v\u00e9rtebras lumbares, sacro y c\u00f3ccix. Embalaje: 2 piezas\/caja, 80 x 32 x 39 cm, 9 kg<\/p>\n","protected":false},"featured_media":442,"comment_status":"open","ping_status":"closed","template":"","meta":[],"product_cat":[21],"product_tag":[],"class_list":{"0":"post-441","1":"product","2":"type-product","3":"status-publish","4":"has-post-thumbnail","6":"product_cat-medical-training-devices","8":"first","9":"instock","10":"shipping-taxable","11":"purchasable","12":"product-type-simple"},"_links":{"self":[{"href":"https:\/\/firehouse.pe\/index.php?rest_route=\/wp\/v2\/product\/441","targetHints":{"allow":["GET"]}}],"collection":[{"href":"https:\/\/firehouse.pe\/index.php?rest_route=\/wp\/v2\/product"}],"about":[{"href":"https:\/\/firehouse.pe\/index.php?rest_route=\/wp\/v2\/types\/product"}],"replies":[{"embeddable":true,"href":"https:\/\/firehouse.pe\/index.php?rest_route=%2Fwp%2Fv2%2Fcomments&post=441"}],"wp:featuredmedia":[{"embeddable":true,"href":"https:\/\/firehouse.pe\/index.php?rest_route=\/wp\/v2\/media\/442"}],"wp:attachment":[{"href":"https:\/\/firehouse.pe\/index.php?rest_route=%2Fwp%2Fv2%2Fmedia&parent=441"}],"wp:term":[{"taxonomy":"product_cat","embeddable":true,"href":"https:\/\/firehouse.pe\/index.php?rest_route=%2Fwp%2Fv2%2Fproduct_cat&post=441"},{"taxonomy":"product_tag","embeddable":true,"href":"https:\/\/firehouse.pe\/index.php?rest_route=%2Fwp%2Fv2%2Fproduct_tag&post=441"}],"curies":[{"name":"wp","href":"https:\/\/api.w.org\/{rel}","templated":true}]}}