{"id":465,"date":"2025-02-19T00:14:18","date_gmt":"2025-02-19T05:14:18","guid":{"rendered":"https:\/\/firehouse.pe\/?post_type=product&#038;p=465"},"modified":"2025-02-19T00:14:18","modified_gmt":"2025-02-19T05:14:18","slug":"modelo-de-acupuntura-masculino-de-46-cm-xc-505","status":"publish","type":"product","link":"https:\/\/firehouse.pe\/?product=modelo-de-acupuntura-masculino-de-46-cm-xc-505","title":{"rendered":"Modelo de acupuntura masculino de 46 cm XC-505"},"content":{"rendered":"","protected":false},"excerpt":{"rendered":"<p>Estos modelos de acupuntura china son materiales did\u00e1cticos ideales. Cada uno est\u00e1 cuidadosamente etiquetado con el punto de  presi\u00f3n y los meridianos correspondientes del antiguo arte de la curaci\u00f3n. Est\u00e1n hechos de pl\u00e1stico PVC blando. Embalaje: 10 piezas\/caja, 53 x 39 x 52 cm, 11 kg<\/p>\n","protected":false},"featured_media":462,"comment_status":"open","ping_status":"closed","template":"","meta":[],"product_cat":[21],"product_tag":[],"class_list":{"0":"post-465","1":"product","2":"type-product","3":"status-publish","4":"has-post-thumbnail","6":"product_cat-medical-training-devices","8":"first","9":"instock","10":"shipping-taxable","11":"purchasable","12":"product-type-simple"},"_links":{"self":[{"href":"https:\/\/firehouse.pe\/index.php?rest_route=\/wp\/v2\/product\/465","targetHints":{"allow":["GET"]}}],"collection":[{"href":"https:\/\/firehouse.pe\/index.php?rest_route=\/wp\/v2\/product"}],"about":[{"href":"https:\/\/firehouse.pe\/index.php?rest_route=\/wp\/v2\/types\/product"}],"replies":[{"embeddable":true,"href":"https:\/\/firehouse.pe\/index.php?rest_route=%2Fwp%2Fv2%2Fcomments&post=465"}],"wp:featuredmedia":[{"embeddable":true,"href":"https:\/\/firehouse.pe\/index.php?rest_route=\/wp\/v2\/media\/462"}],"wp:attachment":[{"href":"https:\/\/firehouse.pe\/index.php?rest_route=%2Fwp%2Fv2%2Fmedia&parent=465"}],"wp:term":[{"taxonomy":"product_cat","embeddable":true,"href":"https:\/\/firehouse.pe\/index.php?rest_route=%2Fwp%2Fv2%2Fproduct_cat&post=465"},{"taxonomy":"product_tag","embeddable":true,"href":"https:\/\/firehouse.pe\/index.php?rest_route=%2Fwp%2Fv2%2Fproduct_tag&post=465"}],"curies":[{"name":"wp","href":"https:\/\/api.w.org\/{rel}","templated":true}]}}