{"id":466,"date":"2025-02-19T00:16:32","date_gmt":"2025-02-19T05:16:32","guid":{"rendered":"https:\/\/firehouse.pe\/?post_type=product&#038;p=466"},"modified":"2025-02-19T00:16:32","modified_gmt":"2025-02-19T05:16:32","slug":"modelo-de-acupuntura-masculino-de-60-cm-xc-518","status":"publish","type":"product","link":"https:\/\/firehouse.pe\/?product=modelo-de-acupuntura-masculino-de-60-cm-xc-518","title":{"rendered":"Modelo de acupuntura masculino de 60 cm XC-518"},"content":{"rendered":"","protected":false},"excerpt":{"rendered":"<p>Este modelo de acupuntura es un material did\u00e1ctico ideal. Est\u00e1  cuidadosamente etiquetado con los puntos de presi\u00f3n y  meridianos correspondientes del antiguo arte de la curaci\u00f3n.  Est\u00e1 fabricado en pl\u00e1stico PVC. XC-518 Embalaje: 10 piezas\/caja, 63 x 39 x 53 cm, 16 kg<\/p>\n","protected":false},"featured_media":467,"comment_status":"open","ping_status":"closed","template":"","meta":[],"product_cat":[21],"product_tag":[],"class_list":{"0":"post-466","1":"product","2":"type-product","3":"status-publish","4":"has-post-thumbnail","6":"product_cat-medical-training-devices","8":"first","9":"instock","10":"shipping-taxable","11":"purchasable","12":"product-type-simple"},"_links":{"self":[{"href":"https:\/\/firehouse.pe\/index.php?rest_route=\/wp\/v2\/product\/466","targetHints":{"allow":["GET"]}}],"collection":[{"href":"https:\/\/firehouse.pe\/index.php?rest_route=\/wp\/v2\/product"}],"about":[{"href":"https:\/\/firehouse.pe\/index.php?rest_route=\/wp\/v2\/types\/product"}],"replies":[{"embeddable":true,"href":"https:\/\/firehouse.pe\/index.php?rest_route=%2Fwp%2Fv2%2Fcomments&post=466"}],"wp:featuredmedia":[{"embeddable":true,"href":"https:\/\/firehouse.pe\/index.php?rest_route=\/wp\/v2\/media\/467"}],"wp:attachment":[{"href":"https:\/\/firehouse.pe\/index.php?rest_route=%2Fwp%2Fv2%2Fmedia&parent=466"}],"wp:term":[{"taxonomy":"product_cat","embeddable":true,"href":"https:\/\/firehouse.pe\/index.php?rest_route=%2Fwp%2Fv2%2Fproduct_cat&post=466"},{"taxonomy":"product_tag","embeddable":true,"href":"https:\/\/firehouse.pe\/index.php?rest_route=%2Fwp%2Fv2%2Fproduct_tag&post=466"}],"curies":[{"name":"wp","href":"https:\/\/api.w.org\/{rel}","templated":true}]}}